{"id":10534,"date":"2025-08-18T15:29:08","date_gmt":"2025-08-18T13:29:08","guid":{"rendered":"https:\/\/ugselpdl.fr\/?page_id=10534"},"modified":"2026-04-03T11:31:58","modified_gmt":"2026-04-03T09:31:58","slug":"course-dorientation-25-26","status":"publish","type":"page","link":"https:\/\/ugselpdl.fr\/?page_id=10534","title":{"rendered":"Course d&rsquo;Orientation 25\/26"},"content":{"rendered":"<div id=\"pl-10534\"  class=\"panel-layout\" ><div id=\"pg-10534-0\"  class=\"panel-grid panel-no-style\" ><div id=\"pgc-10534-0-0\"  class=\"panel-grid-cell\" ><div id=\"panel-10534-0-0-0\" class=\"so-panel widget widget_media_image panel-first-child panel-last-child\" data-index=\"0\" ><img width=\"300\" height=\"76\" src=\"https:\/\/ugselpdl.fr\/wp-content\/uploads\/2021\/05\/CO-300x76.png\" class=\"image wp-image-1130  attachment-medium size-medium\" alt=\"\" loading=\"lazy\" style=\"max-width: 100%; height: auto;\" srcset=\"https:\/\/ugselpdl.fr\/wp-content\/uploads\/2021\/05\/CO-300x76.png 300w, https:\/\/ugselpdl.fr\/wp-content\/uploads\/2021\/05\/CO-1024x259.png 1024w, https:\/\/ugselpdl.fr\/wp-content\/uploads\/2021\/05\/CO-768x195.png 768w, https:\/\/ugselpdl.fr\/wp-content\/uploads\/2021\/05\/CO-150x38.png 150w, https:\/\/ugselpdl.fr\/wp-content\/uploads\/2021\/05\/CO.png 1180w\" sizes=\"(max-width: 300px) 100vw, 300px\" \/><\/div><\/div><\/div><div id=\"pg-10534-1\"  class=\"panel-grid panel-no-style\" ><div id=\"pgc-10534-1-0\"  class=\"panel-grid-cell\" ><div id=\"panel-10534-1-0-0\" class=\"so-panel widget widget_text panel-first-child panel-last-child\" data-index=\"1\" ><h3 class=\"widget-title\">Championnat r\u00e9gional de CO le mercredi 1er avril 2026 \u00e0 St Hilaire de Riez (85)<\/h3>\t\t\t<div class=\"textwidget\"><p><a href=\"http:\/\/ugselpdl.fr\/wp-content\/uploads\/2026\/04\/CO-Equipes-010426-St-Hilaire-resultats-indiv-et-qualifs.pdf\" target=\"_blank\" rel=\"noopener\">R\u00e9sultats Equipes et qualifi\u00e9s au National<\/a><\/p>\n<p><a href=\"http:\/\/ugselpdl.fr\/wp-content\/uploads\/2026\/04\/CO-Indiv-010426-St-Hilaire-resultats-indiv-et-qualifs.pdf\" target=\"_blank\" rel=\"noopener\">R\u00e9sultats individuels et qualifi\u00e9s au National<\/a><\/p>\n<p><a href=\"https:\/\/photos.google.com\/share\/AF1QipM47TrlvPfeW8aY7WfEDZ-anqUPwNuaSiAl-MjHpoqW2wAaatWxqBlymUl2T4pURA?pli=1&amp;key=bDdfQUV6N3lSb0M3NTVtTy1uUENsc05PbTByY1Nn\" target=\"_blank\" rel=\"noopener\">Photos CO du 1er avril<\/a><\/p>\n<p><a href=\"http:\/\/ugselpdl.fr\/wp-content\/uploads\/2026\/02\/CO-010426-St-Hilaire-de-Riez.pdf\" target=\"_blank\" rel=\"noopener\">Circulaire d&rsquo;organisation<\/a><\/p>\n<\/div>\n\t\t<\/div><\/div><div id=\"pgc-10534-1-1\"  class=\"panel-grid-cell\" ><div id=\"panel-10534-1-1-0\" class=\"so-panel widget widget_media_image panel-first-child panel-last-child\" data-index=\"2\" ><h3 class=\"widget-title\">Sweat trouv\u00e9 \u00e0 la CO<\/h3><img width=\"225\" height=\"300\" src=\"https:\/\/ugselpdl.fr\/wp-content\/uploads\/2026\/04\/CO-sweat-blanc-225x300.png\" class=\"image wp-image-12247  attachment-medium size-medium\" alt=\"\" loading=\"lazy\" style=\"max-width: 100%; height: auto;\" srcset=\"https:\/\/ugselpdl.fr\/wp-content\/uploads\/2026\/04\/CO-sweat-blanc-225x300.png 225w, https:\/\/ugselpdl.fr\/wp-content\/uploads\/2026\/04\/CO-sweat-blanc-768x1024.png 768w, https:\/\/ugselpdl.fr\/wp-content\/uploads\/2026\/04\/CO-sweat-blanc-1152x1536.png 1152w, https:\/\/ugselpdl.fr\/wp-content\/uploads\/2026\/04\/CO-sweat-blanc-1536x2048.png 1536w, https:\/\/ugselpdl.fr\/wp-content\/uploads\/2026\/04\/CO-sweat-blanc-113x150.png 113w\" sizes=\"(max-width: 225px) 100vw, 225px\" \/><\/div><\/div><\/div><div id=\"pg-10534-2\"  class=\"panel-grid panel-no-style\" ><div id=\"pgc-10534-2-0\"  class=\"panel-grid-cell\" ><div id=\"panel-10534-2-0-0\" class=\"so-panel widget widget_text panel-first-child panel-last-child\" data-index=\"3\" ><div class=\"panel-widget-style panel-widget-style-for-10534-2-0-0\" ><h3 class=\"widget-title\">DOCUMENTS UTILES :<\/h3>\t\t\t<div class=\"textwidget\"><p><a href=\"http:\/\/ugselpdl.fr\/wp-content\/uploads\/2021\/02\/CO-Manuel_utilisation_kit_SPORTident.pdf\" target=\"_blank\" rel=\"noreferrer noopener\" data-rich-text-format-boundary=\"true\">Manuel d&rsquo;utilisation du kit scolaire<\/a><\/p>\n<p><a href=\"http:\/\/ugselpdl.fr\/wp-content\/uploads\/2021\/02\/CO-Notice_utilsation_sime.pdf\" target=\"_blank\" rel=\"noreferrer noopener\" data-rich-text-format-boundary=\"true\">Notice d&rsquo;utilisation du logiciel SIME<\/a><\/p>\n<p><a href=\"https:\/\/ugsel-competition.org\/ressources\/sports-individuels\/course-dorientation\/\" target=\"_blank\" rel=\"noopener\">R\u00e8glements nationaux de CO<\/a><\/p>\n<\/div>\n\t\t<\/div><\/div><\/div><div id=\"pgc-10534-2-1\"  class=\"panel-grid-cell\" ><div id=\"panel-10534-2-1-0\" class=\"so-panel widget widget_media_image panel-first-child panel-last-child\" data-index=\"4\" ><img width=\"300\" height=\"150\" src=\"https:\/\/ugselpdl.fr\/wp-content\/uploads\/2021\/06\/CO-300x150.jpg\" class=\"image wp-image-1284  attachment-medium size-medium\" alt=\"\" loading=\"lazy\" style=\"max-width: 100%; height: auto;\" srcset=\"https:\/\/ugselpdl.fr\/wp-content\/uploads\/2021\/06\/CO-300x150.jpg 300w, https:\/\/ugselpdl.fr\/wp-content\/uploads\/2021\/06\/CO-150x75.jpg 150w, https:\/\/ugselpdl.fr\/wp-content\/uploads\/2021\/06\/CO.jpg 626w\" sizes=\"(max-width: 300px) 100vw, 300px\" \/><\/div><\/div><\/div><div id=\"pg-10534-3\"  class=\"panel-grid panel-no-style\" ><div id=\"pgc-10534-3-0\"  class=\"panel-grid-cell panel-grid-cell-mobile-last\" ><div id=\"panel-10534-3-0-0\" class=\"so-panel widget widget_text panel-first-child panel-last-child\" data-index=\"5\" ><div class=\"panel-widget-style panel-widget-style-for-10534-3-0-0\" ><h3 class=\"widget-title\">JUGES :<\/h3>\t\t\t<div class=\"textwidget\"><p><a href=\"http:\/\/ugselpdl.fr\/wp-content\/uploads\/2021\/03\/Bad-Feuille-du-jeune-arbitre-UGSEL.pdf\" target=\"_blank\" rel=\"noreferrer noopener\" data-rich-text-format-boundary=\"true\">Feuille du jeune officiel<\/a><\/p>\n<p>Feuille de marque : <a href=\"http:\/\/ugselpdl.fr\/wp-content\/uploads\/2021\/03\/Feuille-darbitre-pour-le-PAR-EQUIPE-avec-les-2-lignes.xls\" target=\"_blank\" rel=\"noreferrer noopener\"><span class=\"has-inline-color has-vivid-green-cyan-color\">sous excel<\/span><\/a> &#8211; <a href=\"http:\/\/ugselpdl.fr\/wp-content\/uploads\/2021\/03\/Feuille-darbitre-pour-le-PAR-EQUIPE-avec-les-2-lignes.pdf\" target=\"_blank\" rel=\"noreferrer noopener\"><span class=\"has-inline-color has-vivid-red-color\">en pdf<\/span><\/a><\/p>\n<\/div>\n\t\t<\/div><\/div><\/div><div id=\"pgc-10534-3-1\"  class=\"panel-grid-cell panel-grid-cell-empty\" ><\/div><\/div><\/div>","protected":false},"excerpt":{"rendered":"<p>R\u00e9sultats Equipes et qualifi\u00e9s au National R\u00e9sultats individuels et qualifi\u00e9s au National Photos CO du 1er avril Circulaire d&rsquo;organisation<\/p>\n<p class=\"continue-reading-button\"> <a class=\"continue-reading-link\" href=\"https:\/\/ugselpdl.fr\/?page_id=10534\">Continue reading<i class=\"crycon-right-dir\"><\/i><\/a><\/p>\n","protected":false},"author":1,"featured_media":0,"parent":0,"menu_order":0,"comment_status":"closed","ping_status":"closed","template":"","meta":[],"_links":{"self":[{"href":"https:\/\/ugselpdl.fr\/index.php?rest_route=\/wp\/v2\/pages\/10534"}],"collection":[{"href":"https:\/\/ugselpdl.fr\/index.php?rest_route=\/wp\/v2\/pages"}],"about":[{"href":"https:\/\/ugselpdl.fr\/index.php?rest_route=\/wp\/v2\/types\/page"}],"author":[{"embeddable":true,"href":"https:\/\/ugselpdl.fr\/index.php?rest_route=\/wp\/v2\/users\/1"}],"replies":[{"embeddable":true,"href":"https:\/\/ugselpdl.fr\/index.php?rest_route=%2Fwp%2Fv2%2Fcomments&post=10534"}],"version-history":[{"count":14,"href":"https:\/\/ugselpdl.fr\/index.php?rest_route=\/wp\/v2\/pages\/10534\/revisions"}],"predecessor-version":[{"id":12249,"href":"https:\/\/ugselpdl.fr\/index.php?rest_route=\/wp\/v2\/pages\/10534\/revisions\/12249"}],"wp:attachment":[{"href":"https:\/\/ugselpdl.fr\/index.php?rest_route=%2Fwp%2Fv2%2Fmedia&parent=10534"}],"curies":[{"name":"wp","href":"https:\/\/api.w.org\/{rel}","templated":true}]}}