{"id":10542,"date":"2025-08-18T15:36:01","date_gmt":"2025-08-18T13:36:01","guid":{"rendered":"https:\/\/ugselpdl.fr\/?page_id=10542"},"modified":"2026-04-02T13:39:41","modified_gmt":"2026-04-02T11:39:41","slug":"golf-25-26","status":"publish","type":"page","link":"https:\/\/ugselpdl.fr\/?page_id=10542","title":{"rendered":"Golf 25\/26"},"content":{"rendered":"<div id=\"pl-10542\"  class=\"panel-layout\" ><div id=\"pg-10542-0\"  class=\"panel-grid panel-no-style\" ><div id=\"pgc-10542-0-0\"  class=\"panel-grid-cell\" ><div id=\"panel-10542-0-0-0\" class=\"so-panel widget widget_media_image panel-first-child panel-last-child\" data-index=\"0\" ><img width=\"300\" height=\"76\" src=\"https:\/\/ugselpdl.fr\/wp-content\/uploads\/2021\/05\/Golf-300x76.png\" class=\"image wp-image-1129  attachment-medium size-medium\" alt=\"\" loading=\"lazy\" style=\"max-width: 100%; height: auto;\" srcset=\"https:\/\/ugselpdl.fr\/wp-content\/uploads\/2021\/05\/Golf-300x76.png 300w, https:\/\/ugselpdl.fr\/wp-content\/uploads\/2021\/05\/Golf-1024x261.png 1024w, https:\/\/ugselpdl.fr\/wp-content\/uploads\/2021\/05\/Golf-768x196.png 768w, https:\/\/ugselpdl.fr\/wp-content\/uploads\/2021\/05\/Golf-150x38.png 150w, https:\/\/ugselpdl.fr\/wp-content\/uploads\/2021\/05\/Golf.png 1181w\" sizes=\"(max-width: 300px) 100vw, 300px\" \/><\/div><\/div><\/div><div id=\"pg-10542-1\"  class=\"panel-grid panel-no-style\" ><div id=\"pgc-10542-1-0\"  class=\"panel-grid-cell\" ><div id=\"panel-10542-1-0-0\" class=\"so-panel widget widget_text panel-first-child\" data-index=\"1\" ><h3 class=\"widget-title\">Championnat r\u00e9gional Elite de Golf le mercredi 1er avril 2026 \u00e0 Carquefou<\/h3>\t\t\t<div class=\"textwidget\"><p><a href=\"http:\/\/ugselpdl.fr\/wp-content\/uploads\/2026\/04\/Golf-Elite-Resultats-010426-Carquefou.pdf\" target=\"_blank\" rel=\"noopener\">R\u00e9sultats du Golf Elite<\/a><\/p>\n<p><a href=\"http:\/\/ugselpdl.fr\/wp-content\/uploads\/2026\/03\/Golf-Elite-010426-Carquefou.pdf\" target=\"_blank\" rel=\"noopener\">Circulaire d&rsquo;organisation<\/a><\/p>\n<\/div>\n\t\t<\/div><div id=\"panel-10542-1-0-1\" class=\"so-panel widget widget_text panel-last-child\" data-index=\"2\" ><h3 class=\"widget-title\">Championnat r\u00e9gional Promo de Golf le mercredi 25 mars 2026 \u00e0 Savenay<\/h3>\t\t\t<div class=\"textwidget\"><p><a href=\"http:\/\/ugselpdl.fr\/wp-content\/uploads\/2026\/03\/Golf-Promo-250326-Savenay-resultats.pdf\" target=\"_blank\" rel=\"noopener\">R\u00e9sultats du Golf Promo et qualifi\u00e9s au National<\/a><\/p>\n<p><a href=\"http:\/\/ugselpdl.fr\/wp-content\/uploads\/2026\/02\/Golf-Promo-Q-250326-Savenay.pdf\" target=\"_blank\" rel=\"noopener\">Circulaire d&rsquo;organisation<\/a><\/p>\n<\/div>\n\t\t<\/div><\/div><div id=\"pgc-10542-1-1\"  class=\"panel-grid-cell\" ><div id=\"panel-10542-1-1-0\" class=\"so-panel widget widget_media_gallery panel-first-child panel-last-child\" data-index=\"3\" ><h3 class=\"widget-title\">Golf Elite du 1er avril 2026 \u00e0 Carquefou<\/h3>\n\t\t<style type=\"text\/css\">\n\t\t\t#gallery-1 {\n\t\t\t\tmargin: auto;\n\t\t\t}\n\t\t\t#gallery-1 .gallery-item {\n\t\t\t\tfloat: left;\n\t\t\t\tmargin-top: 10px;\n\t\t\t\ttext-align: center;\n\t\t\t\twidth: 25%;\n\t\t\t}\n\t\t\t#gallery-1 img {\n\t\t\t\tborder: 2px solid #cfcfcf;\n\t\t\t}\n\t\t\t#gallery-1 .gallery-caption {\n\t\t\t\tmargin-left: 0;\n\t\t\t}\n\t\t\t\/* see gallery_shortcode() in wp-includes\/media.php *\/\n\t\t<\/style>\n\t\t<div id='gallery-1' class='gallery galleryid-10542 gallery-columns-4 gallery-size-thumbnail'><dl class='gallery-item'>\n\t\t\t<dt class='gallery-icon landscape'>\n\t\t\t\t<a href='https:\/\/ugselpdl.fr\/?attachment_id=12197'><img width=\"150\" height=\"150\" src=\"https:\/\/ugselpdl.fr\/wp-content\/uploads\/2026\/04\/Golf-Elite-010426-Carquefou-150x150.jpg\" class=\"attachment-thumbnail size-thumbnail\" alt=\"\" loading=\"lazy\" \/><\/a>\n\t\t\t<\/dt><\/dl><dl class='gallery-item'>\n\t\t\t<dt class='gallery-icon landscape'>\n\t\t\t\t<a href='https:\/\/ugselpdl.fr\/?attachment_id=12196'><img width=\"150\" height=\"150\" src=\"https:\/\/ugselpdl.fr\/wp-content\/uploads\/2026\/04\/Golf-Elite-010426-Carquefou2-150x150.jpg\" class=\"attachment-thumbnail size-thumbnail\" alt=\"\" loading=\"lazy\" \/><\/a>\n\t\t\t<\/dt><\/dl>\n\t\t\t<br style='clear: both' \/>\n\t\t<\/div>\n<\/div><\/div><\/div><div id=\"pg-10542-2\"  class=\"panel-grid panel-no-style\" ><div id=\"pgc-10542-2-0\"  class=\"panel-grid-cell\" ><div id=\"panel-10542-2-0-0\" class=\"so-panel widget widget_text panel-first-child panel-last-child\" data-index=\"4\" ><div class=\"panel-widget-style panel-widget-style-for-10542-2-0-0\" ><h3 class=\"widget-title\">DOCUMENTS UTILES :<\/h3>\t\t\t<div class=\"textwidget\"><p><a href=\"http:\/\/ugselpdl.fr\/wp-content\/uploads\/2021\/03\/Golf-cahier-des-charges.pdf\" target=\"_blank\" rel=\"noreferrer noopener\" data-rich-text-format-boundary=\"true\">Cahier des charges<\/a><\/p>\n<p><a href=\"http:\/\/ugselpdl.fr\/wp-content\/uploads\/2021\/03\/reglement-simplifie-promo-Ugsel-region.pdf\" target=\"_blank\" rel=\"noopener\">R\u00e8glement simplifi\u00e9 Promo r\u00e9gion<\/a><\/p>\n<p><a href=\"https:\/\/ugsel-competition.org\/ressources\/sports-individuels\/golf\/\" target=\"_blank\" rel=\"noopener\">R\u00e8glements nationaux de Golf<\/a><\/p>\n<\/div>\n\t\t<\/div><\/div><\/div><div id=\"pgc-10542-2-1\"  class=\"panel-grid-cell\" ><div id=\"panel-10542-2-1-0\" class=\"so-panel widget widget_media_image panel-first-child panel-last-child\" data-index=\"5\" ><img width=\"300\" height=\"245\" src=\"https:\/\/ugselpdl.fr\/wp-content\/uploads\/2021\/03\/Golf-300x245.gif\" class=\"image wp-image-507  attachment-medium size-medium\" alt=\"\" loading=\"lazy\" style=\"max-width: 100%; height: auto;\" srcset=\"https:\/\/ugselpdl.fr\/wp-content\/uploads\/2021\/03\/Golf-300x245.gif 300w, https:\/\/ugselpdl.fr\/wp-content\/uploads\/2021\/03\/Golf-150x123.gif 150w\" sizes=\"(max-width: 300px) 100vw, 300px\" \/><\/div><\/div><\/div><\/div>","protected":false},"excerpt":{"rendered":"<p>R\u00e9sultats du Golf Elite Circulaire d&rsquo;organisation R\u00e9sultats du Golf Promo et qualifi\u00e9s au National Circulaire d&rsquo;organisation<\/p>\n<p class=\"continue-reading-button\"> <a class=\"continue-reading-link\" href=\"https:\/\/ugselpdl.fr\/?page_id=10542\">Continue reading<i class=\"crycon-right-dir\"><\/i><\/a><\/p>\n","protected":false},"author":1,"featured_media":0,"parent":0,"menu_order":0,"comment_status":"closed","ping_status":"closed","template":"","meta":[],"_links":{"self":[{"href":"https:\/\/ugselpdl.fr\/index.php?rest_route=\/wp\/v2\/pages\/10542"}],"collection":[{"href":"https:\/\/ugselpdl.fr\/index.php?rest_route=\/wp\/v2\/pages"}],"about":[{"href":"https:\/\/ugselpdl.fr\/index.php?rest_route=\/wp\/v2\/types\/page"}],"author":[{"embeddable":true,"href":"https:\/\/ugselpdl.fr\/index.php?rest_route=\/wp\/v2\/users\/1"}],"replies":[{"embeddable":true,"href":"https:\/\/ugselpdl.fr\/index.php?rest_route=%2Fwp%2Fv2%2Fcomments&post=10542"}],"version-history":[{"count":20,"href":"https:\/\/ugselpdl.fr\/index.php?rest_route=\/wp\/v2\/pages\/10542\/revisions"}],"predecessor-version":[{"id":12209,"href":"https:\/\/ugselpdl.fr\/index.php?rest_route=\/wp\/v2\/pages\/10542\/revisions\/12209"}],"wp:attachment":[{"href":"https:\/\/ugselpdl.fr\/index.php?rest_route=%2Fwp%2Fv2%2Fmedia&parent=10542"}],"curies":[{"name":"wp","href":"https:\/\/api.w.org\/{rel}","templated":true}]}}