{"id":10560,"date":"2025-08-18T15:52:58","date_gmt":"2025-08-18T13:52:58","guid":{"rendered":"https:\/\/ugselpdl.fr\/?page_id=10560"},"modified":"2026-04-09T16:48:31","modified_gmt":"2026-04-09T14:48:31","slug":"raid-25-26","status":"publish","type":"page","link":"https:\/\/ugselpdl.fr\/?page_id=10560","title":{"rendered":"Raid 25\/26"},"content":{"rendered":"<div id=\"pl-10560\"  class=\"panel-layout\" ><div id=\"pg-10560-0\"  class=\"panel-grid panel-no-style\" ><div id=\"pgc-10560-0-0\"  class=\"panel-grid-cell\" ><div id=\"panel-10560-0-0-0\" class=\"so-panel widget widget_media_image panel-first-child panel-last-child\" data-index=\"0\" ><img width=\"100\" height=\"100\" src=\"https:\/\/ugselpdl.fr\/wp-content\/uploads\/2022\/10\/run-bike-150x150.jpg\" class=\"image wp-image-4054  attachment-100x100 size-100x100\" alt=\"\" loading=\"lazy\" style=\"max-width: 100%; height: auto;\" srcset=\"https:\/\/ugselpdl.fr\/wp-content\/uploads\/2022\/10\/run-bike-150x150.jpg 150w, https:\/\/ugselpdl.fr\/wp-content\/uploads\/2022\/10\/run-bike.jpg 225w\" sizes=\"(max-width: 100px) 100vw, 100px\" \/><\/div><\/div><\/div><div id=\"pg-10560-1\"  class=\"panel-grid panel-no-style\" ><div id=\"pgc-10560-1-0\"  class=\"panel-grid-cell panel-grid-cell-mobile-last\" ><div id=\"panel-10560-1-0-0\" class=\"so-panel widget widget_text panel-first-child\" data-index=\"1\" ><h3 class=\"widget-title\">Raid le mercredi 8 avril 2026 sur le site de Vioreau &#8211; 2\u00e8 journ\u00e9e<\/h3>\t\t\t<div class=\"textwidget\"><p><a href=\"http:\/\/ugselpdl.fr\/wp-content\/uploads\/2026\/04\/Raid-080426-Vioreau-resultats.pdf\" target=\"_blank\" rel=\"noopener\">R\u00e9sultats pdf<\/a><\/p>\n<p><a href=\"http:\/\/ugselpdl.fr\/wp-content\/uploads\/2026\/04\/RAID-080426-Vioreau-resultats.xlsx\" target=\"_blank\" rel=\"noopener\">R\u00e9sultats en d\u00e9tail sous excel<\/a><\/p>\n<p><a href=\"http:\/\/ugselpdl.fr\/wp-content\/uploads\/2026\/03\/RAID-infos-pour-le-8-avril-2026.pdf\" target=\"_blank\" rel=\"noopener\">Infos sur les \u00e9preuves<\/a><\/p>\n<p><a href=\"http:\/\/ugselpdl.fr\/wp-content\/uploads\/2026\/03\/Raid-080426-Vioreau.pdf\" target=\"_blank\" rel=\"noopener\">Circulaire d&rsquo;organisation<\/a><\/p>\n<p><a href=\"https:\/\/ugsel-competition.org\/ressources\/sports-individuels\/raid\/\" target=\"_blank\" rel=\"noopener\">R\u00e8glements nationaux de Raid<\/a><\/p>\n<p>&nbsp;<\/p>\n<\/div>\n\t\t<\/div><div id=\"panel-10560-1-0-1\" class=\"so-panel widget widget_text panel-last-child\" data-index=\"2\" ><div class=\"panel-widget-style panel-widget-style-for-10560-1-0-1\" ><h3 class=\"widget-title\">Raid le 1er octobre 2025 \u00e0 l&rsquo;Ile aux Sports au Mans &#8211; 1\u00e8re journ\u00e9e<\/h3>\t\t\t<div class=\"textwidget\"><p><a href=\"http:\/\/ugselpdl.fr\/wp-content\/uploads\/2025\/09\/Raid-Programme-du-1er-octobre-2025-au-Mans.pdf\" target=\"_blank\" rel=\"noopener\">Circulaire d&rsquo;organisation<\/a><\/p>\n<p><a href=\"http:\/\/ugselpdl.fr\/wp-content\/uploads\/2025\/10\/Raid-011025-Le-Mans.pdf\" target=\"_blank\" rel=\"noopener\">R\u00e9sultats du 1er octobre au Mans<\/a><\/p>\n<p><a href=\"https:\/\/ugsel-competition.org\/ressources\/sports-individuels\/raid\/\" target=\"_blank\" rel=\"noopener\">R\u00e8glements nationaux de Raid<\/a><\/p>\n<\/div>\n\t\t<\/div><\/div><\/div><div id=\"pgc-10560-1-1\"  class=\"panel-grid-cell panel-grid-cell-empty\" ><\/div><\/div><\/div>","protected":false},"excerpt":{"rendered":"<p>R\u00e9sultats pdf R\u00e9sultats en d\u00e9tail sous excel Infos sur les \u00e9preuves Circulaire d&rsquo;organisation R\u00e8glements nationaux de Raid &nbsp; Circulaire d&rsquo;organisation R\u00e9sultats du 1er octobre au Mans R\u00e8glements nationaux de Raid<\/p>\n<p class=\"continue-reading-button\"> <a class=\"continue-reading-link\" href=\"https:\/\/ugselpdl.fr\/?page_id=10560\">Continue reading<i class=\"crycon-right-dir\"><\/i><\/a><\/p>\n","protected":false},"author":1,"featured_media":0,"parent":0,"menu_order":0,"comment_status":"closed","ping_status":"closed","template":"","meta":[],"_links":{"self":[{"href":"https:\/\/ugselpdl.fr\/index.php?rest_route=\/wp\/v2\/pages\/10560"}],"collection":[{"href":"https:\/\/ugselpdl.fr\/index.php?rest_route=\/wp\/v2\/pages"}],"about":[{"href":"https:\/\/ugselpdl.fr\/index.php?rest_route=\/wp\/v2\/types\/page"}],"author":[{"embeddable":true,"href":"https:\/\/ugselpdl.fr\/index.php?rest_route=\/wp\/v2\/users\/1"}],"replies":[{"embeddable":true,"href":"https:\/\/ugselpdl.fr\/index.php?rest_route=%2Fwp%2Fv2%2Fcomments&post=10560"}],"version-history":[{"count":18,"href":"https:\/\/ugselpdl.fr\/index.php?rest_route=\/wp\/v2\/pages\/10560\/revisions"}],"predecessor-version":[{"id":12304,"href":"https:\/\/ugselpdl.fr\/index.php?rest_route=\/wp\/v2\/pages\/10560\/revisions\/12304"}],"wp:attachment":[{"href":"https:\/\/ugselpdl.fr\/index.php?rest_route=%2Fwp%2Fv2%2Fmedia&parent=10560"}],"curies":[{"name":"wp","href":"https:\/\/api.w.org\/{rel}","templated":true}]}}