{"id":110,"date":"2021-02-09T11:10:52","date_gmt":"2021-02-09T10:10:52","guid":{"rendered":"http:\/\/ugselpdl.fr\/?page_id=110"},"modified":"2025-06-20T13:47:50","modified_gmt":"2025-06-20T11:47:50","slug":"commission-sportive-territoriale","status":"publish","type":"page","link":"https:\/\/ugselpdl.fr\/?page_id=110","title":{"rendered":"Commission Sportive Territoriale"},"content":{"rendered":"\n<p><\/p>\n\n\n\n<figure id=\"table2\" class=\"wp-block-table is-style-stripes\"><table><tbody><tr><td>&nbsp;Directeur territorial<\/td><td><a href=\"mailto:stephbarras@hotmail.com\">St\u00e9phane BARRAS<\/a><\/td><\/tr><tr><td>Responsables techniques Athl\u00e9tisme<\/td><td><a rel=\"noreferrer noopener\" href=\"mailto:helene.prd@gmail.com\" target=\"_blank\">H\u00e9l\u00e8ne PRAUD<\/a><br><a href=\"mailto:auneausamuel@yahoo.fr\">Samuel AUNEAU<\/a><\/td><\/tr><tr><td>Responsable technique Badminton<\/td><td><a href=\"mailto:veronv@saintemarie-cholet.eu\">Vincent VERON<\/a><\/td><\/tr><tr><td>Responsable technique CO<\/td><td><a href=\"mailto:mathieu.pouvreau3@gmail.com\" target=\"_blank\" rel=\"noreferrer noopener\">Mathieu POUVREAU<\/a><\/td><\/tr><tr><td>Responsable technique Escalade et VTT<\/td><td><a href=\"mailto:nicolas.leray2@orange.fr\">Nicolas LERAY<\/a><\/td><\/tr><tr><td>Responsable technique Escrime<\/td><td><a href=\"mailto:p.guin@ndtoutesaides.fr\" target=\"_blank\" rel=\"noreferrer noopener\">Pierre GUIN<\/a><\/td><\/tr><tr><td>Responsable technique Golf<\/td><td><a href=\"mailto:pascolivier@free.fr\">Pascal OLIVIER<\/a><\/td><\/tr><tr><td>Responsable technique G.R.<\/td><td><a href=\"mailto:anneje.martin@free.fr\">Anne FIETTA<\/a><\/td><\/tr><tr><td>Responsable technique Gymnastique F\u00e9minine<\/td><td><a href=\"mailto:bealucas18@laposte.net\">B\u00e9atrice LUCAS<\/a><\/td><\/tr><tr><td>Responsable technique Gymnastique Masculine<\/td><td><a href=\"mailto:jeromegabard@hotmail.fr\">J\u00e9r\u00f4me GABARD<\/a><\/td><\/tr><tr><td>Responsable technique Judo<\/td><td><a href=\"mailto:martin.sauve@saint-michel.org\">Martin SAUVE<\/a><\/td><\/tr><tr><td>Responsable technique Natation<\/td><td><a href=\"mailto:havarta@free.fr\">Armel&nbsp;HAVART<\/a><\/td><\/tr><tr><td>Responsables techniques Sports Co<\/td><td><a rel=\"noreferrer noopener\" href=\"mailto:gerardmottais@gmail.com\" target=\"_blank\">G\u00e9rard MOTTAIS<\/a> Volley<br><a href=\"mailto:jmmaindron@free.fr\">Jean-Michel MAINDRON<\/a> Rugby et National<br><a rel=\"noreferrer noopener\" href=\"mailto:olivierboublin@live.fr\" target=\"_blank\">Olivier BOUBLIN<\/a> Foot<br><a rel=\"noreferrer noopener\" href=\"mailto:franck.bertrais@lpjw.eu\" data-type=\"URL\" target=\"_blank\">Franck BERTRAIS<\/a> Futsal<br><a rel=\"noreferrer noopener\" href=\"mailto:matthieu.beauducel@live.fr\" target=\"_blank\">Matthieu BEAUDUCEL<\/a> Hand<br><a rel=\"noreferrer noopener\" href=\"mailto:nmarzin@ec44.fr\" target=\"_blank\">Nicolas MARZIN<\/a> Basket<br><a rel=\"noreferrer noopener\" href=\"mailto:sduhoux@saint-gab.com\" target=\"_blank\">St\u00e9phane BILLAUD<\/a> Trisports<\/td><\/tr><tr><td>Responsable technique Raid<\/td><td><a href=\"mailto:pierre-yves.gautier@hotmail.fr\" target=\"_blank\" rel=\"noreferrer noopener\">Pierre-Yves GAUTIER<\/a><\/td><\/tr><tr><td>Responsables techniques Surf<\/td><td><a href=\"mailto:eric.rortais@gmail.com\">Eric RORTAIS<\/a><br><a href=\"mailto:ycoulloch@stemarieduport.fr\">Yoann COULLOC\u2019H<\/a><\/td><\/tr><tr><td>Responsable technique Tennis de table<\/td><td><a href=\"mailto:baudouiny@wanadoo.fr\">Yann BAUDOUIN<\/a><\/td><\/tr><tr><td>Responsable technique Triathlon<\/td><td><a href=\"mailto:stephanecocandeau@outlook.fr\">St\u00e9phane COCANDEAU<\/a><\/td><\/tr><\/tbody><\/table><\/figure>\n","protected":false},"excerpt":{"rendered":"<p>&nbsp;Directeur territorial St\u00e9phane BARRAS Responsables techniques Athl\u00e9tisme H\u00e9l\u00e8ne PRAUDSamuel AUNEAU Responsable technique Badminton Vincent VERON Responsable technique CO Mathieu POUVREAU Responsable technique Escalade et VTT Nicolas LERAY Responsable technique Escrime Pierre GUIN Responsable technique Golf Pascal OLIVIER Responsable technique G.R. Anne FIETTA Responsable technique Gymnastique F\u00e9minine B\u00e9atrice LUCAS Responsable technique&#8230;<\/p>\n<p class=\"continue-reading-button\"> <a class=\"continue-reading-link\" href=\"https:\/\/ugselpdl.fr\/?page_id=110\">Continue reading<i class=\"crycon-right-dir\"><\/i><\/a><\/p>\n","protected":false},"author":1,"featured_media":0,"parent":0,"menu_order":0,"comment_status":"closed","ping_status":"closed","template":"","meta":[],"_links":{"self":[{"href":"https:\/\/ugselpdl.fr\/index.php?rest_route=\/wp\/v2\/pages\/110"}],"collection":[{"href":"https:\/\/ugselpdl.fr\/index.php?rest_route=\/wp\/v2\/pages"}],"about":[{"href":"https:\/\/ugselpdl.fr\/index.php?rest_route=\/wp\/v2\/types\/page"}],"author":[{"embeddable":true,"href":"https:\/\/ugselpdl.fr\/index.php?rest_route=\/wp\/v2\/users\/1"}],"replies":[{"embeddable":true,"href":"https:\/\/ugselpdl.fr\/index.php?rest_route=%2Fwp%2Fv2%2Fcomments&post=110"}],"version-history":[{"count":15,"href":"https:\/\/ugselpdl.fr\/index.php?rest_route=\/wp\/v2\/pages\/110\/revisions"}],"predecessor-version":[{"id":10393,"href":"https:\/\/ugselpdl.fr\/index.php?rest_route=\/wp\/v2\/pages\/110\/revisions\/10393"}],"wp:attachment":[{"href":"https:\/\/ugselpdl.fr\/index.php?rest_route=%2Fwp%2Fv2%2Fmedia&parent=110"}],"curies":[{"name":"wp","href":"https:\/\/api.w.org\/{rel}","templated":true}]}}