{"id":1159,"date":"2021-05-26T11:02:35","date_gmt":"2021-05-26T09:02:35","guid":{"rendered":"http:\/\/ugselpdl.fr\/?page_id=1159"},"modified":"2024-08-13T16:30:52","modified_gmt":"2024-08-13T14:30:52","slug":"memento-du-sauveteur-psc1","status":"publish","type":"page","link":"https:\/\/ugselpdl.fr\/?page_id=1159","title":{"rendered":"M\u00e9mento Psc1 et GQS"},"content":{"rendered":"\n<div class=\"wp-block-group\"><div class=\"wp-block-group__inner-container\">\n<p>Chaque participant \u00e0 une formation Psc1 ou GQS doit recevoir un livret&nbsp;lors de sa formation.<\/p>\n\n\n\n<p><strong>Les m\u00e9mento Psc1 est aussi disponible en version num\u00e9rique via le lien:<\/strong> <span class=\"has-inline-color has-vivid-cyan-blue-color\"><a href=\"https:\/\/l.ead.me\/3LMiLUv\" target=\"_blank\" rel=\"noreferrer noopener\">https:\/\/l.ead.me\/3LMiLUv<\/a><\/span><\/p>\n\n\n\n<p>Pour commander les livrets, merci de retourner le bon de commande ci-dessous compl\u00e9t\u00e9 et sign\u00e9, par mail, \u00e0 ugselformation@saumur.net:<\/p>\n\n\n\n<div class=\"wp-block-media-text alignwide has-media-on-the-right is-stacked-on-mobile\" style=\"grid-template-columns:auto 19%\"><figure class=\"wp-block-media-text__media\"><img loading=\"lazy\" width=\"385\" height=\"517\" src=\"http:\/\/ugselpdl.fr\/wp-content\/uploads\/2024\/08\/memento-24.png\" alt=\"\" class=\"wp-image-8163 size-full\" srcset=\"https:\/\/ugselpdl.fr\/wp-content\/uploads\/2024\/08\/memento-24.png 385w, https:\/\/ugselpdl.fr\/wp-content\/uploads\/2024\/08\/memento-24-223x300.png 223w, https:\/\/ugselpdl.fr\/wp-content\/uploads\/2024\/08\/memento-24-112x150.png 112w\" sizes=\"(max-width: 385px) 100vw, 385px\" \/><\/figure><div class=\"wp-block-media-text__content\">\n<p class=\"has-large-font-size\">&#8211;<a href=\"http:\/\/ugselpdl.fr\/wp-content\/uploads\/2023\/11\/Bons-de-commande-de-mementos-PSC1-a-completer.pdf\" target=\"_blank\" rel=\"noreferrer noopener\">bon de commande m\u00e9mento Psc1<\/a><\/p>\n<\/div><\/div>\n\n\n\n<div class=\"wp-block-media-text alignwide has-media-on-the-right is-stacked-on-mobile\" style=\"grid-template-columns:auto 20%\"><figure class=\"wp-block-media-text__media\"><img loading=\"lazy\" width=\"222\" height=\"323\" src=\"http:\/\/ugselpdl.fr\/wp-content\/uploads\/2022\/09\/gqs.jpg\" alt=\"\" class=\"wp-image-3516 size-full\" srcset=\"https:\/\/ugselpdl.fr\/wp-content\/uploads\/2022\/09\/gqs.jpg 222w, https:\/\/ugselpdl.fr\/wp-content\/uploads\/2022\/09\/gqs-206x300.jpg 206w, https:\/\/ugselpdl.fr\/wp-content\/uploads\/2022\/09\/gqs-103x150.jpg 103w\" sizes=\"(max-width: 222px) 100vw, 222px\" \/><\/figure><div class=\"wp-block-media-text__content\">\n<p class=\"has-large-font-size\">&#8211;<a href=\"http:\/\/ugselpdl.fr\/wp-content\/uploads\/2023\/11\/Bons-de-commande-de-mementos-GQS-a-completer.pdf\" target=\"_blank\" rel=\"noopener\">bon de commande m\u00e9mento GQS<\/a><\/p>\n<\/div><\/div>\n\n\n\n<p>Compter 10-15j de d\u00e9lai de r\u00e9ception pour la livraison \u00e0 l&rsquo;\u00e9tablissement, \u00e0 compter de la confirmation de commande.<\/p>\n\n\n\n<p><strong>Les bon de commandes sont \u00e0 renvoyer \u00e0 ugselformation@saumur.net<\/strong><\/p>\n\n\n\n<p>Les commandes de m\u00e9mento s&rsquo;arr\u00eatent chaque ann\u00e9e d\u00e9but juillet et reprennent d\u00e9but septembre.<\/p>\n\n\n\n<p><\/p>\n<\/div><\/div>\n\n\n\n<div class=\"wp-block-group\"><div class=\"wp-block-group__inner-container\"><\/div><\/div>\n","protected":false},"excerpt":{"rendered":"<p class=\"continue-reading-button\"> <a class=\"continue-reading-link\" href=\"https:\/\/ugselpdl.fr\/?page_id=1159\">Continue reading<i class=\"crycon-right-dir\"><\/i><\/a><\/p>\n","protected":false},"author":2,"featured_media":0,"parent":0,"menu_order":0,"comment_status":"closed","ping_status":"closed","template":"","meta":[],"_links":{"self":[{"href":"https:\/\/ugselpdl.fr\/index.php?rest_route=\/wp\/v2\/pages\/1159"}],"collection":[{"href":"https:\/\/ugselpdl.fr\/index.php?rest_route=\/wp\/v2\/pages"}],"about":[{"href":"https:\/\/ugselpdl.fr\/index.php?rest_route=\/wp\/v2\/types\/page"}],"author":[{"embeddable":true,"href":"https:\/\/ugselpdl.fr\/index.php?rest_route=\/wp\/v2\/users\/2"}],"replies":[{"embeddable":true,"href":"https:\/\/ugselpdl.fr\/index.php?rest_route=%2Fwp%2Fv2%2Fcomments&post=1159"}],"version-history":[{"count":18,"href":"https:\/\/ugselpdl.fr\/index.php?rest_route=\/wp\/v2\/pages\/1159\/revisions"}],"predecessor-version":[{"id":8164,"href":"https:\/\/ugselpdl.fr\/index.php?rest_route=\/wp\/v2\/pages\/1159\/revisions\/8164"}],"wp:attachment":[{"href":"https:\/\/ugselpdl.fr\/index.php?rest_route=%2Fwp%2Fv2%2Fmedia&parent=1159"}],"curies":[{"name":"wp","href":"https:\/\/api.w.org\/{rel}","templated":true}]}}