{"id":1361,"date":"2021-08-12T14:16:32","date_gmt":"2021-08-12T12:16:32","guid":{"rendered":"http:\/\/ugselpdl.fr\/?page_id=1361"},"modified":"2025-08-25T15:24:44","modified_gmt":"2025-08-25T13:24:44","slug":"nos-partenaires-2","status":"publish","type":"page","link":"https:\/\/ugselpdl.fr\/?page_id=1361","title":{"rendered":"Nos partenaires"},"content":{"rendered":"<div id=\"pl-1361\"  class=\"panel-layout\" ><div id=\"pg-1361-0\"  class=\"panel-grid panel-no-style\" ><div id=\"pgc-1361-0-0\"  class=\"panel-grid-cell\" ><div id=\"panel-1361-0-0-0\" class=\"so-panel widget widget_siteorigin-panels-builder panel-first-child panel-last-child\" data-index=\"0\" ><div class=\"panel-widget-style panel-widget-style-for-1361-0-0-0\" ><div id=\"pl-w68ac641c63de1\"  class=\"panel-layout\" ><div id=\"pg-w68ac641c63de1-0\"  class=\"panel-grid panel-no-style\" ><div id=\"pgc-w68ac641c63de1-0-0\"  class=\"panel-grid-cell\" ><div id=\"panel-w68ac641c63de1-0-0-0\" class=\"so-panel widget widget_media_image panel-first-child panel-last-child\" data-index=\"0\" ><h3 class=\"widget-title\">Conseil R\u00e9gional<\/h3><a href=\"https:\/\/www.paysdelaloire.fr\/\" target=\"_blank\" rel=\"noopener\"><img width=\"1949\" height=\"1134\" src=\"https:\/\/ugselpdl.fr\/wp-content\/uploads\/2024\/07\/LOGO_CR.png\" class=\"image wp-image-7996  attachment-full size-full\" alt=\"\" loading=\"lazy\" style=\"max-width: 100%; height: auto;\" title=\"Conseil R\u00e9gional\" srcset=\"https:\/\/ugselpdl.fr\/wp-content\/uploads\/2024\/07\/LOGO_CR.png 1949w, https:\/\/ugselpdl.fr\/wp-content\/uploads\/2024\/07\/LOGO_CR-300x175.png 300w, https:\/\/ugselpdl.fr\/wp-content\/uploads\/2024\/07\/LOGO_CR-1024x596.png 1024w, https:\/\/ugselpdl.fr\/wp-content\/uploads\/2024\/07\/LOGO_CR-768x447.png 768w, https:\/\/ugselpdl.fr\/wp-content\/uploads\/2024\/07\/LOGO_CR-1536x894.png 1536w, https:\/\/ugselpdl.fr\/wp-content\/uploads\/2024\/07\/LOGO_CR-150x87.png 150w\" sizes=\"(max-width: 1949px) 100vw, 1949px\" \/><\/a><\/div><\/div><div id=\"pgc-w68ac641c63de1-0-1\"  class=\"panel-grid-cell\" ><div id=\"panel-w68ac641c63de1-0-1-0\" class=\"so-panel widget widget_media_image panel-first-child panel-last-child\" data-index=\"1\" ><h3 class=\"widget-title\">IFEPSA<\/h3><a href=\"https:\/\/ifepsa.uco.fr\/fr\" target=\"_blank\" rel=\"noopener\"><img width=\"214\" height=\"80\" src=\"https:\/\/ugselpdl.fr\/wp-content\/uploads\/2021\/02\/logo-IFEPSA_quadri_vect.jpg\" class=\"image wp-image-149  attachment-full size-full\" alt=\"\" loading=\"lazy\" style=\"max-width: 100%; height: auto;\" title=\"IFEPSA\" srcset=\"https:\/\/ugselpdl.fr\/wp-content\/uploads\/2021\/02\/logo-IFEPSA_quadri_vect.jpg 214w, https:\/\/ugselpdl.fr\/wp-content\/uploads\/2021\/02\/logo-IFEPSA_quadri_vect-150x56.jpg 150w\" sizes=\"(max-width: 214px) 100vw, 214px\" \/><\/a><\/div><\/div><div id=\"pgc-w68ac641c63de1-0-2\"  class=\"panel-grid-cell\" ><div id=\"panel-w68ac641c63de1-0-2-0\" class=\"so-panel widget widget_media_image panel-first-child panel-last-child\" data-index=\"2\" ><h3 class=\"widget-title\">DRAJES<\/h3><a href=\"http:\/\/pays-de-la-loire.drdjscs.gouv.fr\/\" target=\"_blank\" rel=\"noopener\"><img width=\"200\" height=\"200\" src=\"https:\/\/ugselpdl.fr\/wp-content\/uploads\/2024\/07\/drajes_pays_de_la_loire_logo.png\" class=\"image wp-image-7999  attachment-full size-full\" alt=\"\" loading=\"lazy\" style=\"max-width: 100%; height: auto;\" title=\"DRAJES\" srcset=\"https:\/\/ugselpdl.fr\/wp-content\/uploads\/2024\/07\/drajes_pays_de_la_loire_logo.png 200w, https:\/\/ugselpdl.fr\/wp-content\/uploads\/2024\/07\/drajes_pays_de_la_loire_logo-150x150.png 150w\" sizes=\"(max-width: 200px) 100vw, 200px\" \/><\/a><\/div><\/div><div id=\"pgc-w68ac641c63de1-0-3\"  class=\"panel-grid-cell\" ><div id=\"panel-w68ac641c63de1-0-3-0\" class=\"so-panel widget widget_media_image panel-first-child panel-last-child\" data-index=\"3\" ><h3 class=\"widget-title\">Wresinski Angers<\/h3><a href=\"https:\/\/lyceejosephwresinski.fr\/\" target=\"_blank\" rel=\"noopener\"><img width=\"300\" height=\"112\" src=\"https:\/\/ugselpdl.fr\/wp-content\/uploads\/2024\/07\/Logo-Wresinski-300x112.png\" class=\"image wp-image-8002  attachment-medium size-medium\" alt=\"\" loading=\"lazy\" style=\"max-width: 100%; height: auto;\" title=\"Wresinski Angers\" srcset=\"https:\/\/ugselpdl.fr\/wp-content\/uploads\/2024\/07\/Logo-Wresinski-300x112.png 300w, https:\/\/ugselpdl.fr\/wp-content\/uploads\/2024\/07\/Logo-Wresinski-1024x382.png 1024w, https:\/\/ugselpdl.fr\/wp-content\/uploads\/2024\/07\/Logo-Wresinski-768x286.png 768w, https:\/\/ugselpdl.fr\/wp-content\/uploads\/2024\/07\/Logo-Wresinski-150x56.png 150w, https:\/\/ugselpdl.fr\/wp-content\/uploads\/2024\/07\/Logo-Wresinski.png 1460w\" sizes=\"(max-width: 300px) 100vw, 300px\" \/><\/a><\/div><\/div><\/div><div id=\"pg-w68ac641c63de1-1\"  class=\"panel-grid panel-no-style\" ><div id=\"pgc-w68ac641c63de1-1-0\"  class=\"panel-grid-cell\" ><div id=\"panel-w68ac641c63de1-1-0-0\" class=\"so-panel widget widget_media_image panel-first-child panel-last-child\" data-index=\"4\" ><h3 class=\"widget-title\">St Charles Angers<\/h3><a href=\"http:\/\/st-charles.anjou.e-lyco.fr\/\" target=\"_blank\" rel=\"noopener\"><img width=\"300\" height=\"148\" src=\"https:\/\/ugselpdl.fr\/wp-content\/uploads\/2021\/02\/Logo-ST-CHARLES-Angers-CMJN-juin-2017-300x148.jpg\" class=\"image wp-image-150  attachment-medium size-medium\" alt=\"\" loading=\"lazy\" style=\"max-width: 100%; height: auto;\" title=\"St Charles Angers\" srcset=\"https:\/\/ugselpdl.fr\/wp-content\/uploads\/2021\/02\/Logo-ST-CHARLES-Angers-CMJN-juin-2017-300x148.jpg 300w, https:\/\/ugselpdl.fr\/wp-content\/uploads\/2021\/02\/Logo-ST-CHARLES-Angers-CMJN-juin-2017-150x74.jpg 150w, https:\/\/ugselpdl.fr\/wp-content\/uploads\/2021\/02\/Logo-ST-CHARLES-Angers-CMJN-juin-2017-e1628765022142.jpg 200w\" sizes=\"(max-width: 300px) 100vw, 300px\" \/><\/a><\/div><\/div><div id=\"pgc-w68ac641c63de1-1-1\"  class=\"panel-grid-cell\" ><div id=\"panel-w68ac641c63de1-1-1-0\" class=\"so-panel widget widget_media_image panel-first-child panel-last-child\" data-index=\"5\" ><h3 class=\"widget-title\">Ligue de Badminton<\/h3><a href=\"http:\/\/www.badminton-paysdelaloire.fr\/\" target=\"_blank\" rel=\"noopener\"><img width=\"178\" height=\"134\" src=\"https:\/\/ugselpdl.fr\/wp-content\/uploads\/2021\/02\/Ligue-bad-PDL.png\" class=\"image wp-image-146  attachment-full size-full\" alt=\"Ligue de Badminton\" loading=\"lazy\" style=\"max-width: 100%; height: auto;\" title=\"Ligue de Badminton\" srcset=\"https:\/\/ugselpdl.fr\/wp-content\/uploads\/2021\/02\/Ligue-bad-PDL.png 178w, https:\/\/ugselpdl.fr\/wp-content\/uploads\/2021\/02\/Ligue-bad-PDL-150x113.png 150w\" sizes=\"(max-width: 178px) 100vw, 178px\" \/><\/a><\/div><\/div><div id=\"pgc-w68ac641c63de1-1-2\"  class=\"panel-grid-cell\" ><div id=\"panel-w68ac641c63de1-1-2-0\" class=\"so-panel widget widget_media_image panel-first-child panel-last-child\" data-index=\"6\" ><h3 class=\"widget-title\">Ligue de Handball<\/h3><a href=\"http:\/\/www.handball-paysdelaloire.fr\/\" target=\"_blank\" rel=\"noopener\"><img width=\"184\" height=\"104\" src=\"https:\/\/ugselpdl.fr\/wp-content\/uploads\/2021\/02\/Ligue-hand-PDL.png\" class=\"image wp-image-147  attachment-full size-full\" alt=\"Ligue de Handball\" loading=\"lazy\" style=\"max-width: 100%; height: auto;\" title=\"Ligue de Handball\" srcset=\"https:\/\/ugselpdl.fr\/wp-content\/uploads\/2021\/02\/Ligue-hand-PDL.png 184w, https:\/\/ugselpdl.fr\/wp-content\/uploads\/2021\/02\/Ligue-hand-PDL-150x85.png 150w\" sizes=\"(max-width: 184px) 100vw, 184px\" \/><\/a><\/div><\/div><div id=\"pgc-w68ac641c63de1-1-3\"  class=\"panel-grid-cell\" ><div id=\"panel-w68ac641c63de1-1-3-0\" class=\"so-panel widget widget_media_image panel-first-child panel-last-child\" data-index=\"7\" ><h3 class=\"widget-title\">Ligue de Tennis de Table<\/h3><a href=\"http:\/\/www.tennisdetablepaysdelaloire.org\/\" target=\"_blank\" rel=\"noopener\"><img width=\"228\" height=\"106\" src=\"https:\/\/ugselpdl.fr\/wp-content\/uploads\/2021\/02\/TT-logo-Ligue-HD.jpg\" class=\"image wp-image-156  attachment-full size-full\" alt=\"Ligue de Tennis de Table\" loading=\"lazy\" style=\"max-width: 100%; height: auto;\" title=\"Ligue de Tennis de Table\" srcset=\"https:\/\/ugselpdl.fr\/wp-content\/uploads\/2021\/02\/TT-logo-Ligue-HD.jpg 228w, https:\/\/ugselpdl.fr\/wp-content\/uploads\/2021\/02\/TT-logo-Ligue-HD-150x70.jpg 150w\" sizes=\"(max-width: 228px) 100vw, 228px\" \/><\/a><\/div><\/div><\/div><div id=\"pg-w68ac641c63de1-2\"  class=\"panel-grid panel-no-style\" ><div id=\"pgc-w68ac641c63de1-2-0\"  class=\"panel-grid-cell\" ><div id=\"panel-w68ac641c63de1-2-0-0\" class=\"so-panel widget widget_media_image panel-first-child panel-last-child\" data-index=\"8\" ><h3 class=\"widget-title\">Ligue de Golf<\/h3><a href=\"http:\/\/www.ffgolf.org\/\" target=\"_blank\" rel=\"noopener\"><img width=\"300\" height=\"76\" src=\"https:\/\/ugselpdl.fr\/wp-content\/uploads\/2021\/02\/golf-300x76.jpg\" class=\"image wp-image-143  attachment-medium size-medium\" alt=\"Ligue de Golf\" loading=\"lazy\" style=\"max-width: 100%; height: auto;\" title=\"Ligue de Golf\" srcset=\"https:\/\/ugselpdl.fr\/wp-content\/uploads\/2021\/02\/golf-300x76.jpg 300w, https:\/\/ugselpdl.fr\/wp-content\/uploads\/2021\/02\/golf-150x38.jpg 150w, https:\/\/ugselpdl.fr\/wp-content\/uploads\/2021\/02\/golf.jpg 403w\" sizes=\"(max-width: 300px) 100vw, 300px\" \/><\/a><\/div><\/div><div id=\"pgc-w68ac641c63de1-2-1\"  class=\"panel-grid-cell\" ><div id=\"panel-w68ac641c63de1-2-1-0\" class=\"so-panel widget widget_media_image panel-first-child panel-last-child\" data-index=\"9\" ><h3 class=\"widget-title\">St Hermeland Bouaye<\/h3><a href=\"https:\/\/sthermeland-bouaye.loire-atlantique.e-lyco.fr\/\" target=\"_blank\" rel=\"noopener\"><img width=\"300\" height=\"136\" src=\"https:\/\/ugselpdl.fr\/wp-content\/uploads\/2024\/07\/LOGO_StHermelandQUADRI-Bouaye-300x136.jpg\" class=\"image wp-image-8014  attachment-medium size-medium\" alt=\"\" loading=\"lazy\" style=\"max-width: 100%; height: auto;\" title=\"St Hermeland Bouaye\" srcset=\"https:\/\/ugselpdl.fr\/wp-content\/uploads\/2024\/07\/LOGO_StHermelandQUADRI-Bouaye-300x136.jpg 300w, https:\/\/ugselpdl.fr\/wp-content\/uploads\/2024\/07\/LOGO_StHermelandQUADRI-Bouaye-1024x465.jpg 1024w, https:\/\/ugselpdl.fr\/wp-content\/uploads\/2024\/07\/LOGO_StHermelandQUADRI-Bouaye-768x349.jpg 768w, https:\/\/ugselpdl.fr\/wp-content\/uploads\/2024\/07\/LOGO_StHermelandQUADRI-Bouaye-1536x698.jpg 1536w, https:\/\/ugselpdl.fr\/wp-content\/uploads\/2024\/07\/LOGO_StHermelandQUADRI-Bouaye-2048x931.jpg 2048w, https:\/\/ugselpdl.fr\/wp-content\/uploads\/2024\/07\/LOGO_StHermelandQUADRI-Bouaye-780x350.jpg 780w, https:\/\/ugselpdl.fr\/wp-content\/uploads\/2024\/07\/LOGO_StHermelandQUADRI-Bouaye-150x68.jpg 150w\" sizes=\"(max-width: 300px) 100vw, 300px\" \/><\/a><\/div><\/div><div id=\"pgc-w68ac641c63de1-2-2\"  class=\"panel-grid-cell\" ><div id=\"panel-w68ac641c63de1-2-2-0\" class=\"so-panel widget widget_media_image panel-first-child panel-last-child\" data-index=\"10\" ><h3 class=\"widget-title\">Cr\u00e9dit Mutuel<\/h3><a href=\"https:\/\/www.creditmutuel.fr\/fr\/caisses\/10278\/39407\/00\/000?y_source=1_MTE2ODYxMTYtNzE1LWxvY2F0aW9uLndlYnNpdGU%3D\" target=\"_blank\" rel=\"noopener\"><img width=\"300\" height=\"86\" src=\"https:\/\/ugselpdl.fr\/wp-content\/uploads\/2022\/08\/LOGO-Credit-Mutuel-300x86.jpg\" class=\"image wp-image-3428  attachment-medium size-medium\" alt=\"\" loading=\"lazy\" style=\"max-width: 100%; height: auto;\" title=\"Cr\u00e9dit Mutuel\" srcset=\"https:\/\/ugselpdl.fr\/wp-content\/uploads\/2022\/08\/LOGO-Credit-Mutuel-300x86.jpg 300w, https:\/\/ugselpdl.fr\/wp-content\/uploads\/2022\/08\/LOGO-Credit-Mutuel-1024x293.jpg 1024w, https:\/\/ugselpdl.fr\/wp-content\/uploads\/2022\/08\/LOGO-Credit-Mutuel-768x219.jpg 768w, https:\/\/ugselpdl.fr\/wp-content\/uploads\/2022\/08\/LOGO-Credit-Mutuel-1536x439.jpg 1536w, https:\/\/ugselpdl.fr\/wp-content\/uploads\/2022\/08\/LOGO-Credit-Mutuel-150x43.jpg 150w, https:\/\/ugselpdl.fr\/wp-content\/uploads\/2022\/08\/LOGO-Credit-Mutuel.jpg 1984w\" sizes=\"(max-width: 300px) 100vw, 300px\" \/><\/a><\/div><\/div><div id=\"pgc-w68ac641c63de1-2-3\"  class=\"panel-grid-cell\" ><div id=\"panel-w68ac641c63de1-2-3-0\" class=\"so-panel widget widget_media_image panel-first-child panel-last-child\" data-index=\"11\" ><h3 class=\"widget-title\">St Augustin RIAILLE<\/h3><a href=\"https:\/\/staugustin-riaille.fr\/\" target=\"_blank\" rel=\"noopener\"><img width=\"279\" height=\"300\" src=\"https:\/\/ugselpdl.fr\/wp-content\/uploads\/2023\/09\/LOGO-Saint-Augustin-Riaille-279x300.png\" class=\"image wp-image-5909  attachment-medium size-medium\" alt=\"\" loading=\"lazy\" style=\"max-width: 100%; height: auto;\" title=\"St Augustin RIAILLE\" srcset=\"https:\/\/ugselpdl.fr\/wp-content\/uploads\/2023\/09\/LOGO-Saint-Augustin-Riaille-279x300.png 279w, https:\/\/ugselpdl.fr\/wp-content\/uploads\/2023\/09\/LOGO-Saint-Augustin-Riaille-953x1024.png 953w, https:\/\/ugselpdl.fr\/wp-content\/uploads\/2023\/09\/LOGO-Saint-Augustin-Riaille-768x826.png 768w, https:\/\/ugselpdl.fr\/wp-content\/uploads\/2023\/09\/LOGO-Saint-Augustin-Riaille-1429x1536.png 1429w, https:\/\/ugselpdl.fr\/wp-content\/uploads\/2023\/09\/LOGO-Saint-Augustin-Riaille-140x150.png 140w, https:\/\/ugselpdl.fr\/wp-content\/uploads\/2023\/09\/LOGO-Saint-Augustin-Riaille.png 1695w\" sizes=\"(max-width: 279px) 100vw, 279px\" \/><\/a><\/div><\/div><\/div><div id=\"pg-w68ac641c63de1-3\"  class=\"panel-grid panel-no-style\" ><div id=\"pgc-w68ac641c63de1-3-0\"  class=\"panel-grid-cell\" ><div id=\"panel-w68ac641c63de1-3-0-0\" class=\"so-panel widget widget_media_image panel-first-child panel-last-child\" data-index=\"12\" ><h3 class=\"widget-title\">St Roch ST PERE EN RETZ<\/h3><a href=\"https:\/\/www.ensemble-scolaire-saint-pere.fr\/\"><img width=\"300\" height=\"298\" src=\"https:\/\/ugselpdl.fr\/wp-content\/uploads\/2024\/07\/logo_ensemble_st_roch-st-pere-en-retz-300x298.jpg\" class=\"image wp-image-8026  attachment-medium size-medium\" alt=\"\" loading=\"lazy\" style=\"max-width: 100%; height: auto;\" srcset=\"https:\/\/ugselpdl.fr\/wp-content\/uploads\/2024\/07\/logo_ensemble_st_roch-st-pere-en-retz-300x298.jpg 300w, https:\/\/ugselpdl.fr\/wp-content\/uploads\/2024\/07\/logo_ensemble_st_roch-st-pere-en-retz-150x150.jpg 150w, https:\/\/ugselpdl.fr\/wp-content\/uploads\/2024\/07\/logo_ensemble_st_roch-st-pere-en-retz.jpg 633w\" sizes=\"(max-width: 300px) 100vw, 300px\" \/><\/a><\/div><\/div><div id=\"pgc-w68ac641c63de1-3-1\"  class=\"panel-grid-cell\" ><div id=\"panel-w68ac641c63de1-3-1-0\" class=\"so-panel widget widget_media_image panel-first-child panel-last-child\" data-index=\"13\" ><h3 class=\"widget-title\">Ste Th\u00e9r\u00e8se St Joseph BEAUMONT SUR SARTHE<\/h3><a href=\"https:\/\/stetherese-stjoseph.sarthe.e-lyco.fr\/\"><img width=\"198\" height=\"195\" src=\"https:\/\/ugselpdl.fr\/wp-content\/uploads\/2024\/07\/Beaumont.png\" class=\"image wp-image-8029  attachment-full size-full\" alt=\"\" loading=\"lazy\" style=\"max-width: 100%; height: auto;\" srcset=\"https:\/\/ugselpdl.fr\/wp-content\/uploads\/2024\/07\/Beaumont.png 198w, https:\/\/ugselpdl.fr\/wp-content\/uploads\/2024\/07\/Beaumont-150x148.png 150w\" sizes=\"(max-width: 198px) 100vw, 198px\" \/><\/a><\/div><\/div><div id=\"pgc-w68ac641c63de1-3-2\"  class=\"panel-grid-cell\" ><div id=\"panel-w68ac641c63de1-3-2-0\" class=\"so-panel widget widget_media_image panel-first-child panel-last-child\" data-index=\"14\" ><a href=\"https:\/\/collegesaintjosephdoue.anjou.e-lyco.fr\/\"><img width=\"300\" height=\"212\" src=\"https:\/\/ugselpdl.fr\/wp-content\/uploads\/2025\/08\/Logo-Saint-Joseph-Doue-300x212.jpg\" class=\"image wp-image-10565  attachment-medium size-medium\" alt=\"\" loading=\"lazy\" style=\"max-width: 100%; height: auto;\" srcset=\"https:\/\/ugselpdl.fr\/wp-content\/uploads\/2025\/08\/Logo-Saint-Joseph-Doue-300x212.jpg 300w, https:\/\/ugselpdl.fr\/wp-content\/uploads\/2025\/08\/Logo-Saint-Joseph-Doue-768x543.jpg 768w, https:\/\/ugselpdl.fr\/wp-content\/uploads\/2025\/08\/Logo-Saint-Joseph-Doue-150x106.jpg 150w, https:\/\/ugselpdl.fr\/wp-content\/uploads\/2025\/08\/Logo-Saint-Joseph-Doue.jpg 842w\" sizes=\"(max-width: 300px) 100vw, 300px\" \/><\/a><\/div><\/div><div id=\"pgc-w68ac641c63de1-3-3\"  class=\"panel-grid-cell\" ><div id=\"panel-w68ac641c63de1-3-3-0\" class=\"so-panel widget widget_media_image panel-first-child panel-last-child\" data-index=\"15\" ><h3 class=\"widget-title\">Ste Anne Sabl\u00e9<\/h3><a href=\"https:\/\/sainteannesable.fr\/\"><img width=\"212\" height=\"236\" src=\"https:\/\/ugselpdl.fr\/wp-content\/uploads\/2025\/08\/Ste-Anne-Sable-logo.png\" class=\"image wp-image-10569  attachment-full size-full\" alt=\"\" loading=\"lazy\" style=\"max-width: 100%; height: auto;\" srcset=\"https:\/\/ugselpdl.fr\/wp-content\/uploads\/2025\/08\/Ste-Anne-Sable-logo.png 212w, https:\/\/ugselpdl.fr\/wp-content\/uploads\/2025\/08\/Ste-Anne-Sable-logo-135x150.png 135w\" sizes=\"(max-width: 212px) 100vw, 212px\" \/><\/a><\/div><\/div><\/div><div id=\"pg-w68ac641c63de1-4\"  class=\"panel-grid panel-no-style\" ><div id=\"pgc-w68ac641c63de1-4-0\"  class=\"panel-grid-cell\" ><div id=\"panel-w68ac641c63de1-4-0-0\" class=\"so-panel widget widget_media_image panel-first-child panel-last-child\" data-index=\"16\" ><a href=\"https:\/\/www.stemarieduport.fr\/\"><img width=\"259\" height=\"300\" src=\"https:\/\/ugselpdl.fr\/wp-content\/uploads\/2025\/08\/Logo_Sainte_Marie_du_Port_Les-sables-259x300.jpg\" class=\"image wp-image-10567  attachment-medium size-medium\" alt=\"\" loading=\"lazy\" style=\"max-width: 100%; height: auto;\" srcset=\"https:\/\/ugselpdl.fr\/wp-content\/uploads\/2025\/08\/Logo_Sainte_Marie_du_Port_Les-sables-259x300.jpg 259w, https:\/\/ugselpdl.fr\/wp-content\/uploads\/2025\/08\/Logo_Sainte_Marie_du_Port_Les-sables-130x150.jpg 130w, https:\/\/ugselpdl.fr\/wp-content\/uploads\/2025\/08\/Logo_Sainte_Marie_du_Port_Les-sables.jpg 450w\" sizes=\"(max-width: 259px) 100vw, 259px\" \/><\/a><\/div><\/div><div id=\"pgc-w68ac641c63de1-4-1\"  class=\"panel-grid-cell\" ><div id=\"panel-w68ac641c63de1-4-1-0\" class=\"so-panel widget widget_media_image panel-first-child panel-last-child\" data-index=\"17\" ><a href=\"https:\/\/eccg53.fr\/\"><img width=\"189\" height=\"193\" src=\"https:\/\/ugselpdl.fr\/wp-content\/uploads\/2025\/08\/logo-SMCG.png\" class=\"image wp-image-10566  attachment-full size-full\" alt=\"\" loading=\"lazy\" style=\"max-width: 100%; height: auto;\" srcset=\"https:\/\/ugselpdl.fr\/wp-content\/uploads\/2025\/08\/logo-SMCG.png 189w, https:\/\/ugselpdl.fr\/wp-content\/uploads\/2025\/08\/logo-SMCG-147x150.png 147w\" sizes=\"(max-width: 189px) 100vw, 189px\" \/><\/a><\/div><\/div><div id=\"pgc-w68ac641c63de1-4-2\"  class=\"panel-grid-cell panel-grid-cell-empty panel-grid-cell-mobile-last\" ><\/div><div id=\"pgc-w68ac641c63de1-4-3\"  class=\"panel-grid-cell panel-grid-cell-empty\" ><\/div><\/div><div id=\"pg-w68ac641c63de1-5\"  class=\"panel-grid panel-no-style\" ><div id=\"pgc-w68ac641c63de1-5-0\"  class=\"panel-grid-cell panel-grid-cell-empty\" ><\/div><div id=\"pgc-w68ac641c63de1-5-1\"  class=\"panel-grid-cell panel-grid-cell-empty\" ><\/div><div id=\"pgc-w68ac641c63de1-5-2\"  class=\"panel-grid-cell panel-grid-cell-empty panel-grid-cell-mobile-last\" ><\/div><div id=\"pgc-w68ac641c63de1-5-3\"  class=\"panel-grid-cell panel-grid-cell-empty\" ><\/div><\/div><\/div><\/div><\/div><\/div><\/div><\/div>","protected":false},"excerpt":{"rendered":"<p>Conseil R\u00e9gionalIFEPSADRAJESWresinski AngersSt Charles AngersLigue de BadmintonLigue de HandballLigue de Tennis de TableLigue de GolfSt Hermeland BouayeCr\u00e9dit MutuelSt Augustin RIAILLESt Roch ST PERE EN RETZSte Th\u00e9r\u00e8se St Joseph BEAUMONT SUR SARTHESte Anne Sabl\u00e9<\/p>\n<p class=\"continue-reading-button\"> <a class=\"continue-reading-link\" href=\"https:\/\/ugselpdl.fr\/?page_id=1361\">Continue reading<i class=\"crycon-right-dir\"><\/i><\/a><\/p>\n","protected":false},"author":1,"featured_media":0,"parent":0,"menu_order":0,"comment_status":"closed","ping_status":"closed","template":"","meta":[],"_links":{"self":[{"href":"https:\/\/ugselpdl.fr\/index.php?rest_route=\/wp\/v2\/pages\/1361"}],"collection":[{"href":"https:\/\/ugselpdl.fr\/index.php?rest_route=\/wp\/v2\/pages"}],"about":[{"href":"https:\/\/ugselpdl.fr\/index.php?rest_route=\/wp\/v2\/types\/page"}],"author":[{"embeddable":true,"href":"https:\/\/ugselpdl.fr\/index.php?rest_route=\/wp\/v2\/users\/1"}],"replies":[{"embeddable":true,"href":"https:\/\/ugselpdl.fr\/index.php?rest_route=%2Fwp%2Fv2%2Fcomments&post=1361"}],"version-history":[{"count":83,"href":"https:\/\/ugselpdl.fr\/index.php?rest_route=\/wp\/v2\/pages\/1361\/revisions"}],"predecessor-version":[{"id":10596,"href":"https:\/\/ugselpdl.fr\/index.php?rest_route=\/wp\/v2\/pages\/1361\/revisions\/10596"}],"wp:attachment":[{"href":"https:\/\/ugselpdl.fr\/index.php?rest_route=%2Fwp%2Fv2%2Fmedia&parent=1361"}],"curies":[{"name":"wp","href":"https:\/\/api.w.org\/{rel}","templated":true}]}}