{"id":7008,"date":"2024-02-02T11:20:35","date_gmt":"2024-02-02T10:20:35","guid":{"rendered":"https:\/\/ugselpdl.fr\/?page_id=7008"},"modified":"2025-12-23T14:27:55","modified_gmt":"2025-12-23T13:27:55","slug":"important-nouveau-lien-dacces-aux-ressources-pedagogiques-pour-les-formateurs-psc","status":"publish","type":"page","link":"https:\/\/ugselpdl.fr\/?page_id=7008","title":{"rendered":"IMPORTANT : Nouveau lien d&rsquo;acc\u00e8s aux ressources p\u00e9dagogiques pour les formateurs PSC."},"content":{"rendered":"<p style=\"text-align: center;\">\u00a0<\/p>\n<div class=\"elementToProof ContentPasted0\">\n<div class=\"elementToProof ContentPasted0\">Suite \u00e0 un probl\u00e8me informatique, le lien d&rsquo;acc\u00e8s aux ressources p\u00e9dagogiques des formateurs PSC, a d\u00fb \u00eatre modifi\u00e9.<\/div>\n<\/div>\n<div>\u00a0<\/div>\n<div>Si vous n&rsquo;avez pas re\u00e7u le mail de fin janvier 24 avec les nouveaux liens, contactez: ugselformation@gmail.com<\/div>\n\n\n<p><\/p>\n","protected":false},"excerpt":{"rendered":"<p>\u00a0 Suite \u00e0 un probl\u00e8me informatique, le lien d&rsquo;acc\u00e8s aux ressources p\u00e9dagogiques des formateurs PSC, a d\u00fb \u00eatre modifi\u00e9. \u00a0 Si vous n&rsquo;avez pas re\u00e7u le mail de fin janvier 24 avec les nouveaux liens, contactez: ugselformation@gmail.com<\/p>\n<p class=\"continue-reading-button\"> <a class=\"continue-reading-link\" href=\"https:\/\/ugselpdl.fr\/?page_id=7008\">Continue reading<i class=\"crycon-right-dir\"><\/i><\/a><\/p>\n","protected":false},"author":2,"featured_media":0,"parent":0,"menu_order":0,"comment_status":"closed","ping_status":"closed","template":"","meta":[],"_links":{"self":[{"href":"https:\/\/ugselpdl.fr\/index.php?rest_route=\/wp\/v2\/pages\/7008"}],"collection":[{"href":"https:\/\/ugselpdl.fr\/index.php?rest_route=\/wp\/v2\/pages"}],"about":[{"href":"https:\/\/ugselpdl.fr\/index.php?rest_route=\/wp\/v2\/types\/page"}],"author":[{"embeddable":true,"href":"https:\/\/ugselpdl.fr\/index.php?rest_route=\/wp\/v2\/users\/2"}],"replies":[{"embeddable":true,"href":"https:\/\/ugselpdl.fr\/index.php?rest_route=%2Fwp%2Fv2%2Fcomments&post=7008"}],"version-history":[{"count":2,"href":"https:\/\/ugselpdl.fr\/index.php?rest_route=\/wp\/v2\/pages\/7008\/revisions"}],"predecessor-version":[{"id":11461,"href":"https:\/\/ugselpdl.fr\/index.php?rest_route=\/wp\/v2\/pages\/7008\/revisions\/11461"}],"wp:attachment":[{"href":"https:\/\/ugselpdl.fr\/index.php?rest_route=%2Fwp%2Fv2%2Fmedia&parent=7008"}],"curies":[{"name":"wp","href":"https:\/\/api.w.org\/{rel}","templated":true}]}}