{"id":734,"date":"2021-03-24T16:14:30","date_gmt":"2021-03-24T15:14:30","guid":{"rendered":"http:\/\/ugselpdl.fr\/?page_id=734"},"modified":"2026-01-15T12:36:38","modified_gmt":"2026-01-15T11:36:38","slug":"formations-pdl","status":"publish","type":"page","link":"https:\/\/ugselpdl.fr\/?page_id=734","title":{"rendered":"Formations PDL"},"content":{"rendered":"\n<div class=\"wp-block-columns\">\n<div class=\"wp-block-column\" style=\"flex-basis:100%\">\n<div class=\"wp-block-group\"><div class=\"wp-block-group__inner-container\"><div id=\"pl-gb734-69e2df36def5b\"  class=\"panel-layout\" ><div id=\"pg-gb734-69e2df36def5b-0\"  class=\"panel-grid panel-no-style\" ><div id=\"pgc-gb734-69e2df36def5b-0-0\"  class=\"panel-grid-cell\" ><div id=\"panel-gb734-69e2df36def5b-0-0-0\" class=\"so-panel widget widget_sow-editor panel-first-child panel-last-child\" data-index=\"0\" ><div class=\"so-widget-sow-editor so-widget-sow-editor-base\">\n<div class=\"siteorigin-widget-tinymce textwidget\">\n\t<p>Pour toute demande, contacter le secr\u00e9tariat Ugsel Formation Pays de la Loire<\/p>\n<p><img loading=\"lazy\" class=\"alignnone wp-image-11470\" src=\"http:\/\/ugselpdl.fr\/wp-content\/uploads\/2025\/12\/slogan-2026-ugsel-300x65.png\" alt=\"\" width=\"475\" height=\"103\" srcset=\"https:\/\/ugselpdl.fr\/wp-content\/uploads\/2025\/12\/slogan-2026-ugsel-300x65.png 300w, https:\/\/ugselpdl.fr\/wp-content\/uploads\/2025\/12\/slogan-2026-ugsel-150x32.png 150w, https:\/\/ugselpdl.fr\/wp-content\/uploads\/2025\/12\/slogan-2026-ugsel.png 431w\" sizes=\"(max-width: 475px) 100vw, 475px\" \/><\/p>\n<\/div>\n<\/div><\/div><\/div><div id=\"pgc-gb734-69e2df36def5b-0-1\"  class=\"panel-grid-cell\" ><div id=\"panel-gb734-69e2df36def5b-0-1-0\" class=\"so-panel widget widget_sow-editor panel-first-child panel-last-child\" data-index=\"1\" ><div class=\"so-widget-sow-editor so-widget-sow-editor-base\">\n<div class=\"siteorigin-widget-tinymce textwidget\">\n\t<p><strong>Secr\u00e9tariat Formation:<\/strong><\/p>\n<p>Par mail: <a class=\"halo-link person-link person-from ellipsis\" role=\"button\" href=\"http:\/\/webmail.saumur.net\/appsuite\/#\">ugselformation@gmail.com<\/a><\/p>\n<p>Par t\u00e9l\u00e9phone: 02-41-79-51-74 (du mardi au vendredi)<\/p>\n<p>&nbsp;<\/p>\n<\/div>\n<\/div><\/div><\/div><\/div><div id=\"pg-gb734-69e2df36def5b-1\"  class=\"panel-grid panel-no-style\" ><div id=\"pgc-gb734-69e2df36def5b-1-0\"  class=\"panel-grid-cell\" ><div id=\"panel-gb734-69e2df36def5b-1-0-0\" class=\"so-panel widget widget_sow-editor panel-first-child panel-last-child\" data-index=\"2\" ><div class=\"so-widget-sow-editor so-widget-sow-editor-base\"><h3 class=\"widget-title\">Points d&rsquo;actualit\u00e9<\/h3>\n<div class=\"siteorigin-widget-tinymce textwidget\">\n\t<p><img loading=\"lazy\" class=\"alignnone wp-image-11471\" src=\"http:\/\/ugselpdl.fr\/wp-content\/uploads\/2025\/12\/2026-ugsel-268x300.png\" alt=\"\" width=\"126\" height=\"141\" srcset=\"https:\/\/ugselpdl.fr\/wp-content\/uploads\/2025\/12\/2026-ugsel-268x300.png 268w, https:\/\/ugselpdl.fr\/wp-content\/uploads\/2025\/12\/2026-ugsel-134x150.png 134w, https:\/\/ugselpdl.fr\/wp-content\/uploads\/2025\/12\/2026-ugsel.png 359w\" sizes=\"(max-width: 126px) 100vw, 126px\" \/><\/p>\n<\/div>\n<\/div><\/div><\/div><div id=\"pgc-gb734-69e2df36def5b-1-1\"  class=\"panel-grid-cell\" ><div id=\"panel-gb734-69e2df36def5b-1-1-0\" class=\"so-panel widget widget_siteorigin-panels-builder panel-first-child panel-last-child\" data-index=\"3\" ><div id=\"pl-w694aa28bbfc33\"  class=\"panel-layout\" ><div id=\"pg-w694aa28bbfc33-0\"  class=\"panel-grid panel-no-style\" ><div id=\"pgc-w694aa28bbfc33-0-0\"  class=\"panel-grid-cell\" ><div id=\"panel-w694aa28bbfc33-0-0-0\" class=\"so-panel widget widget_sow-editor panel-first-child panel-last-child\" data-index=\"0\" ><div class=\"so-widget-sow-editor so-widget-sow-editor-base\">\n<div class=\"siteorigin-widget-tinymce textwidget\">\n\t<ul>\n<li><a href=\"https:\/\/ugselpdl.fr\/?page_id=3642\" target=\"_blank\" rel=\"noopener\">Formation continue des formateurs Psc Ugsel<\/a><\/li>\n<\/ul>\n<\/div>\n<\/div><\/div><\/div><\/div><\/div><\/div><\/div><\/div><div id=\"pg-gb734-69e2df36def5b-2\"  class=\"panel-grid panel-no-style\" ><div id=\"pgc-gb734-69e2df36def5b-2-0\"  class=\"panel-grid-cell\" ><div id=\"panel-gb734-69e2df36def5b-2-0-0\" class=\"so-panel widget widget_sow-editor panel-first-child panel-last-child\" data-index=\"4\" ><div class=\"so-widget-sow-editor so-widget-sow-editor-base\"><h3 class=\"widget-title\">Nos formations<\/h3>\n<div class=\"siteorigin-widget-tinymce textwidget\">\n\t<p><img loading=\"lazy\" class=\"alignnone size-full wp-image-3639\" src=\"http:\/\/ugselpdl.fr\/wp-content\/uploads\/2022\/09\/images-formation.jpg\" alt=\"\" width=\"225\" height=\"225\" srcset=\"https:\/\/ugselpdl.fr\/wp-content\/uploads\/2022\/09\/images-formation.jpg 225w, https:\/\/ugselpdl.fr\/wp-content\/uploads\/2022\/09\/images-formation-150x150.jpg 150w\" sizes=\"(max-width: 225px) 100vw, 225px\" \/><\/p>\n<\/div>\n<\/div><\/div><\/div><div id=\"pgc-gb734-69e2df36def5b-2-1\"  class=\"panel-grid-cell\" ><div id=\"panel-gb734-69e2df36def5b-2-1-0\" class=\"so-panel widget widget_sow-editor panel-first-child panel-last-child\" data-index=\"5\" ><div class=\"so-widget-sow-editor so-widget-sow-editor-base\">\n<div class=\"siteorigin-widget-tinymce textwidget\">\n\t<p><strong>Formations programm\u00e9es en Pays de la Loire pour l&rsquo;ann\u00e9e scolaire 2025-2026:<\/strong><\/p>\n<ul>\n<li><a href=\"https:\/\/ugselpdl.fr\/?page_id=3562\">1er degr\u00e9<\/a><\/li>\n<li><a href=\"https:\/\/ugselpdl.fr\/?page_id=2247\">2nd degr\u00e9<\/a><\/li>\n<\/ul>\n<p><strong>Formations possibles \u00e0 la demande d&rsquo;un ou groupement de plusieurs \u00e9tablissements (appel \u00e0 projet) pour l&rsquo;ann\u00e9e scolaire 2025-2026:<\/strong><\/p>\n<ul>\n<li><a href=\"http:\/\/ugselpdl.fr\/wp-content\/uploads\/2025\/10\/Plaquette-formation-2025-PE-F-2.pdf\" target=\"_blank\" rel=\"noopener\">Catalogue de formations 1er degr\u00e9<\/a><\/li>\n<li><a href=\"http:\/\/ugselpdl.fr\/wp-content\/uploads\/2025\/10\/Plaquette-formation-2025-CL-F.pdf\" target=\"_blank\" rel=\"noopener\">Catalogue de formations 2nd degr\u00e9<\/a><\/li>\n<li><a href=\"http:\/\/ugselpdl.fr\/wp-content\/uploads\/2025\/10\/Plaquette-formation-2025-OPCO-F.pdf\" target=\"_blank\" rel=\"noopener\">Catalogue de formations Personnels Ogec<\/a><\/li>\n<\/ul>\n<\/div>\n<\/div><\/div><\/div><\/div><div id=\"pg-gb734-69e2df36def5b-3\"  class=\"panel-grid panel-no-style\" ><div id=\"pgc-gb734-69e2df36def5b-3-0\"  class=\"panel-grid-cell\" ><div id=\"panel-gb734-69e2df36def5b-3-0-0\" class=\"so-panel widget widget_sow-editor panel-first-child panel-last-child\" data-index=\"6\" ><div class=\"so-widget-sow-editor so-widget-sow-editor-base\"><h3 class=\"widget-title\">Espace formateurs Psc<\/h3>\n<div class=\"siteorigin-widget-tinymce textwidget\">\n\t<p><img loading=\"lazy\" class=\"alignnone  wp-image-11468\" src=\"http:\/\/ugselpdl.fr\/wp-content\/uploads\/2025\/12\/formateur.png\" alt=\"\" width=\"214\" height=\"208\" srcset=\"https:\/\/ugselpdl.fr\/wp-content\/uploads\/2025\/12\/formateur.png 155w, https:\/\/ugselpdl.fr\/wp-content\/uploads\/2025\/12\/formateur-150x146.png 150w\" sizes=\"(max-width: 214px) 100vw, 214px\" \/><\/p>\n<\/div>\n<\/div><\/div><\/div><div id=\"pgc-gb734-69e2df36def5b-3-1\"  class=\"panel-grid-cell\" ><div id=\"panel-gb734-69e2df36def5b-3-1-0\" class=\"so-panel widget widget_sow-editor panel-first-child panel-last-child\" data-index=\"7\" ><div class=\"so-widget-sow-editor so-widget-sow-editor-base\">\n<div class=\"siteorigin-widget-tinymce textwidget\">\n\t<ul>\n<li><span style=\"color: #0000ff;\"><a style=\"color: #0000ff;\" href=\"https:\/\/ugselpdl.fr\/?page_id=3642\">La formation continue des formateurs Psc Ugsel (recyclage)\u00a0<\/a><\/span><\/li>\n<li><span style=\"color: #0000ff;\"><a style=\"color: #0000ff;\" href=\"http:\/\/ugselpdl.fr\/?page_id=1116\">Uformation<\/a><\/span><\/li>\n<li><span style=\"color: #0000ff;\"><a style=\"color: #0000ff;\" href=\"http:\/\/ugselpdl.fr\/?page_id=1159\">M\u00e9mentos<\/a><\/span><\/li>\n<li><span style=\"color: #0000ff;\"><a style=\"color: #0000ff;\" href=\"https:\/\/ugselpdl.fr\/?page_id=7008\" target=\"_blank\" rel=\"noopener\">Nouveau lien d&rsquo;acc\u00e8s aux ressources p\u00e9dagogiques pour les formateurs PSC (janv 2024)<\/a><\/span><\/li>\n<li><span style=\"color: #0000ff;\"><a style=\"color: #0000ff;\" href=\"https:\/\/ugselpdl.fr\/?page_id=3828\">Salvum<\/a><\/span><\/li>\n<li><span style=\"color: #0000ff;\"><a style=\"color: #0000ff;\" href=\"https:\/\/ugselpdl.fr\/?page_id=3309\">Contexte sanitaire et formations<\/a><\/span><\/li>\n<li><span style=\"color: #0000ff;\"><a style=\"color: #0000ff;\" href=\"https:\/\/ugselpdl.fr\/?page_id=7012\" target=\"_blank\" rel=\"noopener\">Le minist\u00e8re a actualis\u00e9 l&rsquo;affiche \u00ab\u00a0r\u00e9agir en cas d&rsquo;attaque terroriste\u00a0\u00bb<\/a><\/span><\/li>\n<li><span style=\"color: #0000ff;\">E.Pass Culture Sport: fin du dispositif \u00e0 la rentr\u00e9e 2025\/2026<\/span><\/li>\n<li><a href=\"http:\/\/ugselpdl.fr\/wp-content\/uploads\/2026\/01\/2025.05.05-Rappel-reglementaire-formateurs-PSC-UGSEL.pdf\" target=\"_blank\" rel=\"noopener\">Rappel r\u00e9glementaire concernant l\u2019intervention des formateurs PSC Ugsel<\/a><\/li>\n<\/ul>\n<\/div>\n<\/div><\/div><\/div><\/div><div id=\"pg-gb734-69e2df36def5b-4\"  class=\"panel-grid panel-no-style\" ><div id=\"pgc-gb734-69e2df36def5b-4-0\"  class=\"panel-grid-cell panel-grid-cell-empty panel-grid-cell-mobile-last\" ><\/div><div id=\"pgc-gb734-69e2df36def5b-4-1\"  class=\"panel-grid-cell panel-grid-cell-empty\" ><\/div><\/div><\/div><\/div><\/div>\n<\/div>\n<\/div>\n\n\n\n<p><\/p>\n","protected":false},"excerpt":{"rendered":"<p class=\"continue-reading-button\"> <a class=\"continue-reading-link\" href=\"https:\/\/ugselpdl.fr\/?page_id=734\">Continue reading<i class=\"crycon-right-dir\"><\/i><\/a><\/p>\n","protected":false},"author":1,"featured_media":0,"parent":0,"menu_order":0,"comment_status":"closed","ping_status":"closed","template":"","meta":[],"_links":{"self":[{"href":"https:\/\/ugselpdl.fr\/index.php?rest_route=\/wp\/v2\/pages\/734"}],"collection":[{"href":"https:\/\/ugselpdl.fr\/index.php?rest_route=\/wp\/v2\/pages"}],"about":[{"href":"https:\/\/ugselpdl.fr\/index.php?rest_route=\/wp\/v2\/types\/page"}],"author":[{"embeddable":true,"href":"https:\/\/ugselpdl.fr\/index.php?rest_route=\/wp\/v2\/users\/1"}],"replies":[{"embeddable":true,"href":"https:\/\/ugselpdl.fr\/index.php?rest_route=%2Fwp%2Fv2%2Fcomments&post=734"}],"version-history":[{"count":56,"href":"https:\/\/ugselpdl.fr\/index.php?rest_route=\/wp\/v2\/pages\/734\/revisions"}],"predecessor-version":[{"id":11537,"href":"https:\/\/ugselpdl.fr\/index.php?rest_route=\/wp\/v2\/pages\/734\/revisions\/11537"}],"wp:attachment":[{"href":"https:\/\/ugselpdl.fr\/index.php?rest_route=%2Fwp%2Fv2%2Fmedia&parent=734"}],"curies":[{"name":"wp","href":"https:\/\/api.w.org\/{rel}","templated":true}]}}