{"id":8074,"date":"2024-07-12T15:47:24","date_gmt":"2024-07-12T13:47:24","guid":{"rendered":"https:\/\/ugselpdl.fr\/?page_id=8074"},"modified":"2025-01-22T17:12:04","modified_gmt":"2025-01-22T16:12:04","slug":"athle-en-salle-24-25","status":"publish","type":"page","link":"https:\/\/ugselpdl.fr\/?page_id=8074","title":{"rendered":"Athl\u00e9 en Salle 24\/25"},"content":{"rendered":"<div id=\"pl-8074\"  class=\"panel-layout\" ><div id=\"pg-8074-0\"  class=\"panel-grid panel-no-style\" ><div id=\"pgc-8074-0-0\"  class=\"panel-grid-cell\" ><div id=\"panel-8074-0-0-0\" class=\"so-panel widget widget_media_image panel-first-child panel-last-child\" data-index=\"0\" ><img width=\"300\" height=\"76\" src=\"https:\/\/ugselpdl.fr\/wp-content\/uploads\/2021\/05\/Athle-salle-300x76.png\" class=\"image wp-image-1018  attachment-medium size-medium\" alt=\"\" loading=\"lazy\" style=\"max-width: 100%; height: auto;\" srcset=\"https:\/\/ugselpdl.fr\/wp-content\/uploads\/2021\/05\/Athle-salle-300x76.png 300w, https:\/\/ugselpdl.fr\/wp-content\/uploads\/2021\/05\/Athle-salle-1024x260.png 1024w, https:\/\/ugselpdl.fr\/wp-content\/uploads\/2021\/05\/Athle-salle-768x195.png 768w, https:\/\/ugselpdl.fr\/wp-content\/uploads\/2021\/05\/Athle-salle-150x38.png 150w, https:\/\/ugselpdl.fr\/wp-content\/uploads\/2021\/05\/Athle-salle.png 1180w\" sizes=\"(max-width: 300px) 100vw, 300px\" \/><\/div><\/div><\/div><div id=\"pg-8074-1\"  class=\"panel-grid panel-no-style\" ><div id=\"pgc-8074-1-0\"  class=\"panel-grid-cell\" ><div id=\"panel-8074-1-0-0\" class=\"so-panel widget widget_text panel-first-child\" data-index=\"1\" ><div class=\"panel-widget-style panel-widget-style-for-8074-1-0-0\" ><h3 class=\"widget-title\">Championnat r\u00e9gional de triathlon en salle B\/M le mercredi 22 janvier 2025 \u00e0 Nantes<\/h3>\t\t\t<div class=\"textwidget\"><p>R\u00e9sultats : <a href=\"http:\/\/ugselpdl.fr\/wp-content\/uploads\/2025\/01\/Triat-salle-220125-Nantes-resultats-BF.pdf\" target=\"_blank\" rel=\"noopener\">BF<\/a> &#8211; <a href=\"http:\/\/ugselpdl.fr\/wp-content\/uploads\/2025\/01\/Triat-salle-220125-Nantes-resultats-BG.pdf\" target=\"_blank\" rel=\"noopener\">BG<\/a> &#8211; <a href=\"http:\/\/ugselpdl.fr\/wp-content\/uploads\/2025\/01\/Triat-salle-220125-Nantes-resultats-MF.pdf\" target=\"_blank\" rel=\"noopener\">MF<\/a> &#8211; <a href=\"http:\/\/ugselpdl.fr\/wp-content\/uploads\/2025\/01\/Triat-salle-220125-Nantes-resultats-MG.pdf\" target=\"_blank\" rel=\"noopener\">MG<\/a><\/p>\n<p><a href=\"http:\/\/ugselpdl.fr\/wp-content\/uploads\/2025\/01\/Athle-salle-BM-Equipes-qualifiees-220125-Nantes.pdf\" target=\"_blank\" rel=\"noopener\">Liste des \u00e9quipes qualifi\u00e9es pour le 22 janvier<\/a><\/p>\n<p><a href=\"http:\/\/ugselpdl.fr\/wp-content\/uploads\/2025\/01\/Athle-salle-BM-220125-Nantes-Horaires.pdf\" target=\"_blank\" rel=\"noopener\">Horaires du 22 janvier<\/a><\/p>\n<p><a href=\"http:\/\/ugselpdl.fr\/wp-content\/uploads\/2025\/01\/Athle-en-salle-BM-220125-Nantes.pdf\" target=\"_blank\" rel=\"noopener\">Circulaire d&rsquo;organisation et jury<\/a><\/p>\n<p>Toutes les demandes de QE ont \u00e9t\u00e9 accept\u00e9es<\/p>\n<\/div>\n\t\t<\/div><\/div><div id=\"panel-8074-1-0-1\" class=\"so-panel widget widget_text panel-last-child\" data-index=\"2\" ><h3 class=\"widget-title\">Championnat r\u00e9gional d&rsquo;athl\u00e9 en salle C\/J le mercredi 4 d\u00e9cembre 2024 \u00e0 Nantes<\/h3>\t\t\t<div class=\"textwidget\"><p><a href=\"http:\/\/ugselpdl.fr\/wp-content\/uploads\/2024\/12\/Athle-salle-CJ-041224-Nantes-resultats.pdf\" target=\"_blank\" rel=\"noopener\">R\u00e9sultats complets<\/a><\/p>\n<p><a href=\"http:\/\/ugselpdl.fr\/wp-content\/uploads\/2024\/12\/Athle-salle-CJ-041224-Nantes-resultats-par-AS.pdf\" target=\"_blank\" rel=\"noopener\">R\u00e9sultats par AS<\/a><\/p>\n<p><a href=\"http:\/\/ugselpdl.fr\/wp-content\/uploads\/2024\/11\/Athle-en-salle-CJ-Horaires-041224-Nantes.pdf\" target=\"_blank\" rel=\"noopener\">Horaires C\/J<\/a><\/p>\n<p>Il faut juste inscrire les \u00e9l\u00e8ves en individuel : les \u00e9quipes se feront automatiquement !<\/p>\n<\/div>\n\t\t<\/div><\/div><\/div><div id=\"pg-8074-2\"  class=\"panel-grid panel-no-style\" ><div id=\"pgc-8074-2-0\"  class=\"panel-grid-cell\" ><div id=\"panel-8074-2-0-0\" class=\"so-panel widget widget_text panel-first-child panel-last-child\" data-index=\"3\" ><div class=\"panel-widget-style panel-widget-style-for-8074-2-0-0\" ><h3 class=\"widget-title\">DOCUMENTS UTILES :<\/h3>\t\t\t<div class=\"textwidget\"><p><a href=\"http:\/\/ugselpdl.fr\/wp-content\/uploads\/2021\/02\/Athle-en-salle-cahier-des-charges.pdf\" target=\"_blank\" rel=\"noreferrer noopener\" data-rich-text-format-boundary=\"true\">Cahier des charges<\/a><\/p>\n<p><a href=\"https:\/\/www.ugsel.org\/competitions\/sports-individuels\/athletisme-en-salle\" target=\"_blank\" rel=\"noreferrer noopener\" data-rich-text-format-boundary=\"true\">Table de cotations + r\u00e8glements nationaux + records nationaux<\/a><\/p>\n<p><a href=\"http:\/\/ugselpdl.fr\/wp-content\/uploads\/2021\/02\/Convention-FFA-UGSEL-071116.pdf\" target=\"_blank\" rel=\"noreferrer noopener\" data-rich-text-format-boundary=\"true\">Convention FFA\/UGSEL<\/a><\/p>\n<p><a href=\"http:\/\/ugselpdl.fr\/wp-content\/uploads\/2023\/07\/Montee-de-barre-hauteur-BM.pdf\" target=\"_blank\" rel=\"noopener\">Mont\u00e9es de barre Hauteur BM<\/a><\/p>\n<p><a href=\"http:\/\/ugselpdl.fr\/wp-content\/uploads\/2023\/07\/Montee-de-barre-hauteur-CJ.pdf\" target=\"_blank\" rel=\"noopener\">Mont\u00e9es de barre Hauteur CJ<\/a><\/p>\n<p><a href=\"http:\/\/ugselpdl.fr\/wp-content\/uploads\/2023\/07\/Montee-de-barre-Perche-BM.pdf\" target=\"_blank\" rel=\"noopener\">Mont\u00e9es de barre Perche BM<\/a><\/p>\n<p><a href=\"http:\/\/ugselpdl.fr\/wp-content\/uploads\/2023\/07\/Montee-de-barre-Perche-CJ.pdf\" target=\"_blank\" rel=\"noopener\">Mont\u00e9es de barre Perche CJ<\/a><\/p>\n<p>&nbsp;<\/p>\n<\/div>\n\t\t<\/div><\/div><\/div><div id=\"pgc-8074-2-1\"  class=\"panel-grid-cell\" ><div id=\"panel-8074-2-1-0\" class=\"so-panel widget widget_media_image panel-first-child panel-last-child\" data-index=\"4\" ><img width=\"300\" height=\"199\" src=\"https:\/\/ugselpdl.fr\/wp-content\/uploads\/2021\/02\/Salle-de-Nantes-athle-300x199.jpg\" class=\"image wp-image-421  attachment-medium size-medium\" alt=\"\" loading=\"lazy\" style=\"max-width: 100%; height: auto;\" srcset=\"https:\/\/ugselpdl.fr\/wp-content\/uploads\/2021\/02\/Salle-de-Nantes-athle-300x199.jpg 300w, https:\/\/ugselpdl.fr\/wp-content\/uploads\/2021\/02\/Salle-de-Nantes-athle-150x99.jpg 150w, https:\/\/ugselpdl.fr\/wp-content\/uploads\/2021\/02\/Salle-de-Nantes-athle.jpg 468w\" sizes=\"(max-width: 300px) 100vw, 300px\" \/><\/div><\/div><\/div><div id=\"pg-8074-3\"  class=\"panel-grid panel-no-style\" ><div id=\"pgc-8074-3-0\"  class=\"panel-grid-cell\" ><div id=\"panel-8074-3-0-0\" class=\"so-panel widget widget_text panel-first-child panel-last-child\" data-index=\"5\" ><div class=\"panel-widget-style panel-widget-style-for-8074-3-0-0\" ><h3 class=\"widget-title\">JUGES :<\/h3>\t\t\t<div class=\"textwidget\"><p><a href=\"http:\/\/ugselpdl.fr\/wp-content\/uploads\/2024\/09\/18Athle-juges-eleves-Presentation-Territoire.pdf\" target=\"_blank\" rel=\"noreferrer noopener\" data-rich-text-format-boundary=\"true\">Pr\u00e9sentation formation Jeune Officiel<\/a><\/p>\n<p><a href=\"http:\/\/ugselpdl.fr\/wp-content\/uploads\/2021\/02\/Athle-Livret-Jeune-juge-PL-2019.pdf\" target=\"_blank\" rel=\"noreferrer noopener\" data-rich-text-format-boundary=\"true\">Livret r\u00e9gional de formation jeune juge<\/a><\/p>\n<p><a href=\"http:\/\/ugselpdl.fr\/wp-content\/uploads\/2024\/09\/Questionnaires-Juges-Athle-Erik-85-OK.pdf\" target=\"_blank\" rel=\"noopener\">Questionnaire juges 85 en pdf<\/a><\/p>\n<p><a href=\"http:\/\/ugselpdl.fr\/wp-content\/uploads\/2024\/11\/Questionnaires-Juges-Athle-49.pdf\" target=\"_blank\" rel=\"noopener\">Questionnaire juges 49 en pdf<\/a><\/p>\n<p><a href=\"http:\/\/ugselpdl.fr\/wp-content\/uploads\/2023\/08\/22Athle-grille-juge.pdf\" target=\"_blank\" rel=\"noreferrer noopener\" data-rich-text-format-boundary=\"true\">Grille d&rsquo;\u00e9valuation<\/a><\/p>\n<p><a href=\"http:\/\/ugselpdl.fr\/wp-content\/uploads\/2021\/02\/Athle-Fiche-Lancers.pdf\" target=\"_blank\" rel=\"noreferrer noopener\" data-rich-text-format-boundary=\"true\">Fiche lancers<\/a><\/p>\n<p><a href=\"http:\/\/ugselpdl.fr\/wp-content\/uploads\/2021\/02\/Athle-Fiche-Sauts-hauteur-perche.pdf\" target=\"_blank\" rel=\"noreferrer noopener\" data-rich-text-format-boundary=\"true\">Fiche Hauteur et Perche<\/a><\/p>\n<p><a href=\"http:\/\/ugselpdl.fr\/wp-content\/uploads\/2021\/02\/Athle-Fiche-Sauts-longueur-TS.pdf\" target=\"_blank\" rel=\"noreferrer noopener\" data-rich-text-format-boundary=\"true\">Fiche Longueur et Triple Saut<\/a><\/p>\n<p>&nbsp;<\/p>\n<\/div>\n\t\t<\/div><\/div><\/div><div id=\"pgc-8074-3-1\"  class=\"panel-grid-cell\" ><div id=\"panel-8074-3-1-0\" class=\"so-panel widget widget_media_image panel-first-child panel-last-child\" data-index=\"6\" ><img width=\"122\" height=\"300\" src=\"https:\/\/ugselpdl.fr\/wp-content\/uploads\/2021\/02\/Juge-athle-122x300.jpg\" class=\"image wp-image-427  attachment-medium size-medium\" alt=\"\" loading=\"lazy\" style=\"max-width: 100%; height: auto;\" srcset=\"https:\/\/ugselpdl.fr\/wp-content\/uploads\/2021\/02\/Juge-athle-122x300.jpg 122w, https:\/\/ugselpdl.fr\/wp-content\/uploads\/2021\/02\/Juge-athle-61x150.jpg 61w, https:\/\/ugselpdl.fr\/wp-content\/uploads\/2021\/02\/Juge-athle.jpg 250w\" sizes=\"(max-width: 122px) 100vw, 122px\" \/><\/div><\/div><\/div><\/div>","protected":false},"excerpt":{"rendered":"<p>R\u00e9sultats : BF &#8211; BG &#8211; MF &#8211; MG Liste des \u00e9quipes qualifi\u00e9es pour le 22 janvier Horaires du 22 janvier Circulaire d&rsquo;organisation et jury Toutes les demandes de QE ont \u00e9t\u00e9 accept\u00e9es R\u00e9sultats complets R\u00e9sultats par AS Horaires C\/J Il faut juste inscrire les \u00e9l\u00e8ves en individuel : les&#8230;<\/p>\n<p class=\"continue-reading-button\"> <a class=\"continue-reading-link\" href=\"https:\/\/ugselpdl.fr\/?page_id=8074\">Continue reading<i class=\"crycon-right-dir\"><\/i><\/a><\/p>\n","protected":false},"author":1,"featured_media":0,"parent":0,"menu_order":0,"comment_status":"closed","ping_status":"closed","template":"","meta":[],"_links":{"self":[{"href":"https:\/\/ugselpdl.fr\/index.php?rest_route=\/wp\/v2\/pages\/8074"}],"collection":[{"href":"https:\/\/ugselpdl.fr\/index.php?rest_route=\/wp\/v2\/pages"}],"about":[{"href":"https:\/\/ugselpdl.fr\/index.php?rest_route=\/wp\/v2\/types\/page"}],"author":[{"embeddable":true,"href":"https:\/\/ugselpdl.fr\/index.php?rest_route=\/wp\/v2\/users\/1"}],"replies":[{"embeddable":true,"href":"https:\/\/ugselpdl.fr\/index.php?rest_route=%2Fwp%2Fv2%2Fcomments&post=8074"}],"version-history":[{"count":34,"href":"https:\/\/ugselpdl.fr\/index.php?rest_route=\/wp\/v2\/pages\/8074\/revisions"}],"predecessor-version":[{"id":9379,"href":"https:\/\/ugselpdl.fr\/index.php?rest_route=\/wp\/v2\/pages\/8074\/revisions\/9379"}],"wp:attachment":[{"href":"https:\/\/ugselpdl.fr\/index.php?rest_route=%2Fwp%2Fv2%2Fmedia&parent=8074"}],"curies":[{"name":"wp","href":"https:\/\/api.w.org\/{rel}","templated":true}]}}