{"id":8085,"date":"2024-07-12T15:55:01","date_gmt":"2024-07-12T13:55:01","guid":{"rendered":"https:\/\/ugselpdl.fr\/?page_id=8085"},"modified":"2024-11-28T09:50:58","modified_gmt":"2024-11-28T08:50:58","slug":"cross-24-25","status":"publish","type":"page","link":"https:\/\/ugselpdl.fr\/?page_id=8085","title":{"rendered":"Cross 24\/25"},"content":{"rendered":"<div id=\"pl-8085\"  class=\"panel-layout\" ><div id=\"pg-8085-0\"  class=\"panel-grid panel-no-style\" ><div id=\"pgc-8085-0-0\"  class=\"panel-grid-cell\" ><div id=\"panel-8085-0-0-0\" class=\"so-panel widget widget_media_image panel-first-child panel-last-child\" data-index=\"0\" ><img width=\"300\" height=\"76\" src=\"https:\/\/ugselpdl.fr\/wp-content\/uploads\/2021\/05\/Cross-300x76.png\" class=\"image wp-image-1021  attachment-medium size-medium\" alt=\"\" loading=\"lazy\" style=\"max-width: 100%; height: auto;\" srcset=\"https:\/\/ugselpdl.fr\/wp-content\/uploads\/2021\/05\/Cross-300x76.png 300w, https:\/\/ugselpdl.fr\/wp-content\/uploads\/2021\/05\/Cross-1024x260.png 1024w, https:\/\/ugselpdl.fr\/wp-content\/uploads\/2021\/05\/Cross-768x195.png 768w, https:\/\/ugselpdl.fr\/wp-content\/uploads\/2021\/05\/Cross-150x38.png 150w, https:\/\/ugselpdl.fr\/wp-content\/uploads\/2021\/05\/Cross.png 1180w\" sizes=\"(max-width: 300px) 100vw, 300px\" \/><\/div><\/div><\/div><div id=\"pg-8085-1\"  class=\"panel-grid panel-no-style\" ><div id=\"pgc-8085-1-0\"  class=\"panel-grid-cell panel-grid-cell-mobile-last\" ><div id=\"panel-8085-1-0-0\" class=\"so-panel widget widget_text panel-first-child panel-last-child\" data-index=\"1\" ><h3 class=\"widget-title\">Cross R\u00e9gional le mercredi 27 novembre 2024 \u00e0 Saumur (49)<\/h3>\t\t\t<div class=\"textwidget\"><p>R\u00e9sultats du Cross 2024 : <a href=\"http:\/\/ugselpdl.fr\/wp-content\/uploads\/2024\/11\/Cross-2024-BF2.pdf\" target=\"_blank\" rel=\"noopener\">BF2<\/a> &#8211; <a href=\"http:\/\/ugselpdl.fr\/wp-content\/uploads\/2024\/11\/BF1.pdf\" target=\"_blank\" rel=\"noopener\">BF1<\/a> &#8211; <a href=\"http:\/\/ugselpdl.fr\/wp-content\/uploads\/2024\/11\/Cross-2024-BG2.pdf\" target=\"_blank\" rel=\"noopener\">BG2<\/a> &#8211; <a href=\"http:\/\/ugselpdl.fr\/wp-content\/uploads\/2024\/11\/BG1.pdf\" target=\"_blank\" rel=\"noopener\">BG1<\/a> &#8211; <a href=\"http:\/\/ugselpdl.fr\/wp-content\/uploads\/2024\/11\/Cross-2024-MF1.pdf\" target=\"_blank\" rel=\"noopener\">MF1<\/a> &#8211; <a href=\"http:\/\/ugselpdl.fr\/wp-content\/uploads\/2024\/11\/MF2.pdf\" target=\"_blank\" rel=\"noopener\">MF2<\/a> &#8211; <a href=\"http:\/\/ugselpdl.fr\/wp-content\/uploads\/2024\/11\/Cross-2024-Relais-mixte-CJ.pdf\" target=\"_blank\" rel=\"noopener\">Relais mixtes C\/J<\/a> &#8211; <a href=\"http:\/\/ugselpdl.fr\/wp-content\/uploads\/2024\/11\/CJF.pdf\" target=\"_blank\" rel=\"noopener\">CJF<\/a> &#8211; <a href=\"http:\/\/ugselpdl.fr\/wp-content\/uploads\/2024\/11\/Cross-2024-MG1.pdf\" target=\"_blank\" rel=\"noopener\">MG1<\/a> &#8211; <a href=\"http:\/\/ugselpdl.fr\/wp-content\/uploads\/2024\/11\/MG2.pdf\" target=\"_blank\" rel=\"noopener\">MG2<\/a> &#8211; <a href=\"http:\/\/ugselpdl.fr\/wp-content\/uploads\/2024\/11\/Cross-2024-CJG.pdf\" target=\"_blank\" rel=\"noopener\">CJG<\/a><\/p>\n<p><a href=\"http:\/\/ugselpdl.fr\/wp-content\/uploads\/2024\/11\/Cross-2024-Resultats-complets-avec-qualifs.pdf\" target=\"_blank\" rel=\"noopener\">Tous les r\u00e9sultats avec les qualifi\u00e9s au National<\/a> &#8211; Les \u00e9quipes qualifi\u00e9es sont surlign\u00e9es en jaune<\/p>\n<p><a href=\"http:\/\/ugselpdl.fr\/wp-content\/uploads\/2024\/11\/Cross-2024-Resultats-complets-par-AS.pdf\" target=\"_blank\" rel=\"noopener\">R\u00e9sultats par AS<\/a><\/p>\n<p><a href=\"http:\/\/ugselpdl.fr\/wp-content\/uploads\/2024\/11\/Circulaire-Cross-regional-271124-Verrie.pdf\" target=\"_blank\" rel=\"noopener\">Circulaire d&rsquo;organisation du Cross<\/a><\/p>\n<p><a href=\"http:\/\/ugselpdl.fr\/wp-content\/uploads\/2024\/11\/plan-verrie-cross-region-271124.pdf\" target=\"_blank\" rel=\"noopener\">Plan et horaires du Cross<\/a><\/p>\n<\/div>\n\t\t<\/div><\/div><div id=\"pgc-8085-1-1\"  class=\"panel-grid-cell panel-grid-cell-empty\" ><\/div><\/div><div id=\"pg-8085-2\"  class=\"panel-grid panel-no-style\" ><div id=\"pgc-8085-2-0\"  class=\"panel-grid-cell\" ><div id=\"panel-8085-2-0-0\" class=\"so-panel widget widget_text panel-first-child panel-last-child\" data-index=\"2\" ><div class=\"panel-widget-style panel-widget-style-for-8085-2-0-0\" ><h3 class=\"widget-title\">DOCUMENTS UTILES :<\/h3>\t\t\t<div class=\"textwidget\"><p><a href=\"http:\/\/ugselpdl.fr\/wp-content\/uploads\/2021\/02\/Protocole-Cross.pdf\" target=\"_blank\" rel=\"noreferrer noopener\" data-rich-text-format-boundary=\"true\">Cahier des charges<\/a><\/p>\n<p><a href=\"https:\/\/www.ugsel.org\/competitions\/sports-individuels\/cross\" target=\"_blank\" rel=\"noopener\">R\u00e8glement National Cross et quotas<\/a><\/p>\n<p>&nbsp;<\/p>\n<\/div>\n\t\t<\/div><\/div><\/div><div id=\"pgc-8085-2-1\"  class=\"panel-grid-cell\" ><div id=\"panel-8085-2-1-0\" class=\"so-panel widget widget_media_image panel-first-child panel-last-child\" data-index=\"3\" ><img width=\"300\" height=\"231\" src=\"https:\/\/ugselpdl.fr\/wp-content\/uploads\/2021\/06\/cross1-300x231.jpg\" class=\"image wp-image-1200  attachment-medium size-medium\" alt=\"\" loading=\"lazy\" style=\"max-width: 100%; height: auto;\" srcset=\"https:\/\/ugselpdl.fr\/wp-content\/uploads\/2021\/06\/cross1-300x231.jpg 300w, https:\/\/ugselpdl.fr\/wp-content\/uploads\/2021\/06\/cross1-150x116.jpg 150w, https:\/\/ugselpdl.fr\/wp-content\/uploads\/2021\/06\/cross1.jpg 611w\" sizes=\"(max-width: 300px) 100vw, 300px\" \/><\/div><\/div><\/div><\/div>","protected":false},"excerpt":{"rendered":"<p>R\u00e9sultats du Cross 2024 : BF2 &#8211; BF1 &#8211; BG2 &#8211; BG1 &#8211; MF1 &#8211; MF2 &#8211; Relais mixtes C\/J &#8211; CJF &#8211; MG1 &#8211; MG2 &#8211; CJG Tous les r\u00e9sultats avec les qualifi\u00e9s au National &#8211; Les \u00e9quipes qualifi\u00e9es sont surlign\u00e9es en jaune R\u00e9sultats par AS Circulaire d&rsquo;organisation du&#8230;<\/p>\n<p class=\"continue-reading-button\"> <a class=\"continue-reading-link\" href=\"https:\/\/ugselpdl.fr\/?page_id=8085\">Continue reading<i class=\"crycon-right-dir\"><\/i><\/a><\/p>\n","protected":false},"author":1,"featured_media":0,"parent":0,"menu_order":0,"comment_status":"closed","ping_status":"closed","template":"","meta":[],"_links":{"self":[{"href":"https:\/\/ugselpdl.fr\/index.php?rest_route=\/wp\/v2\/pages\/8085"}],"collection":[{"href":"https:\/\/ugselpdl.fr\/index.php?rest_route=\/wp\/v2\/pages"}],"about":[{"href":"https:\/\/ugselpdl.fr\/index.php?rest_route=\/wp\/v2\/types\/page"}],"author":[{"embeddable":true,"href":"https:\/\/ugselpdl.fr\/index.php?rest_route=\/wp\/v2\/users\/1"}],"replies":[{"embeddable":true,"href":"https:\/\/ugselpdl.fr\/index.php?rest_route=%2Fwp%2Fv2%2Fcomments&post=8085"}],"version-history":[{"count":44,"href":"https:\/\/ugselpdl.fr\/index.php?rest_route=\/wp\/v2\/pages\/8085\/revisions"}],"predecessor-version":[{"id":8977,"href":"https:\/\/ugselpdl.fr\/index.php?rest_route=\/wp\/v2\/pages\/8085\/revisions\/8977"}],"wp:attachment":[{"href":"https:\/\/ugselpdl.fr\/index.php?rest_route=%2Fwp%2Fv2%2Fmedia&parent=8085"}],"curies":[{"name":"wp","href":"https:\/\/api.w.org\/{rel}","templated":true}]}}