{"id":8126,"date":"2024-07-12T16:15:07","date_gmt":"2024-07-12T14:15:07","guid":{"rendered":"https:\/\/ugselpdl.fr\/?page_id=8126"},"modified":"2025-04-03T10:14:06","modified_gmt":"2025-04-03T08:14:06","slug":"tennis-de-table-23-24-2","status":"publish","type":"page","link":"https:\/\/ugselpdl.fr\/?page_id=8126","title":{"rendered":"Tennis de Table 24\/25"},"content":{"rendered":"<div id=\"pl-8126\"  class=\"panel-layout\" ><div id=\"pg-8126-0\"  class=\"panel-grid panel-no-style\" ><div id=\"pgc-8126-0-0\"  class=\"panel-grid-cell\" ><div id=\"panel-8126-0-0-0\" class=\"so-panel widget widget_media_image panel-first-child panel-last-child\" data-index=\"0\" ><img width=\"300\" height=\"76\" src=\"https:\/\/ugselpdl.fr\/wp-content\/uploads\/2021\/05\/Tennis-de-table-300x76.png\" class=\"image wp-image-1031  attachment-medium size-medium\" alt=\"\" loading=\"lazy\" style=\"max-width: 100%; height: auto;\" srcset=\"https:\/\/ugselpdl.fr\/wp-content\/uploads\/2021\/05\/Tennis-de-table-300x76.png 300w, https:\/\/ugselpdl.fr\/wp-content\/uploads\/2021\/05\/Tennis-de-table-1024x260.png 1024w, https:\/\/ugselpdl.fr\/wp-content\/uploads\/2021\/05\/Tennis-de-table-768x195.png 768w, https:\/\/ugselpdl.fr\/wp-content\/uploads\/2021\/05\/Tennis-de-table-150x38.png 150w, https:\/\/ugselpdl.fr\/wp-content\/uploads\/2021\/05\/Tennis-de-table.png 1180w\" sizes=\"(max-width: 300px) 100vw, 300px\" \/><\/div><\/div><\/div><div id=\"pg-8126-1\"  class=\"panel-grid panel-no-style\" ><div id=\"pgc-8126-1-0\"  class=\"panel-grid-cell\" ><div id=\"panel-8126-1-0-0\" class=\"so-panel widget widget_text panel-first-child panel-last-child\" data-index=\"1\" ><h3 class=\"widget-title\">Championnat Equipes le 2 avril 2025 \u00e0 Cholet<\/h3>\t\t\t<div class=\"textwidget\"><p><a href=\"http:\/\/ugselpdl.fr\/wp-content\/uploads\/2025\/04\/TT-Equipes-Promo-020425-Cholet-resultats.pdf\" target=\"_blank\" rel=\"noopener\">TT Promo Equipes : r\u00e9sultats et qualifi\u00e9s<\/a><\/p>\n<p><a href=\"http:\/\/ugselpdl.fr\/wp-content\/uploads\/2025\/04\/TT-Equipes-Elite-020425-Cholet-resultats.pdf\" target=\"_blank\" rel=\"noopener\">TT Elite Equipes : r\u00e9sultats et qualifi\u00e9s<\/a><\/p>\n<p><a href=\"http:\/\/ugselpdl.fr\/wp-content\/uploads\/2025\/03\/TT-Equipes-020425-Cholet.pdf\" target=\"_blank\" rel=\"noopener\">Circulaire d&rsquo;organisation du 2 avril<\/a><\/p>\n<\/div>\n\t\t<\/div><\/div><\/div><div id=\"pg-8126-2\"  class=\"panel-grid panel-no-style\" ><div id=\"pgc-8126-2-0\"  class=\"panel-grid-cell\" ><div id=\"panel-8126-2-0-0\" class=\"so-panel widget widget_text panel-first-child panel-last-child\" data-index=\"2\" ><h3 class=\"widget-title\">Championnat Elite Individuel le 19 mars 2025 au Mans<\/h3>\t\t\t<div class=\"textwidget\"><p><a href=\"http:\/\/ugselpdl.fr\/wp-content\/uploads\/2025\/03\/TT-Elite-190325-Le-Mans-resultats.pdf\" target=\"_blank\" rel=\"noopener\">R\u00e9sultats TT Elite et Q au National<\/a><\/p>\n<p><a href=\"http:\/\/ugselpdl.fr\/wp-content\/uploads\/2025\/02\/TT-Elite-190325-Le-Mans.pdf\" target=\"_blank\" rel=\"noopener\">Circulaire d&rsquo;organisation du TT Elite<\/a><\/p>\n<\/div>\n\t\t<\/div><\/div><\/div><div id=\"pg-8126-3\"  class=\"panel-grid panel-no-style\" ><div id=\"pgc-8126-3-0\"  class=\"panel-grid-cell panel-grid-cell-mobile-last\" ><div id=\"panel-8126-3-0-0\" class=\"so-panel widget widget_text panel-first-child panel-last-child\" data-index=\"3\" ><h3 class=\"widget-title\">Championnat Promo Individuel le 26 f\u00e9vrier 2025 \u00e0 St Macaire en Mauges<\/h3>\t\t\t<div class=\"textwidget\"><p><a href=\"http:\/\/ugselpdl.fr\/wp-content\/uploads\/2025\/01\/TT-Promo-cir-260225-St-Macaire.pdf\" target=\"_blank\" rel=\"noopener\">Circulaire d&rsquo;organisation du 26 f\u00e9vrier<\/a><\/p>\n<p><a href=\"http:\/\/ugselpdl.fr\/wp-content\/uploads\/2025\/02\/TT-Promo-260225-St-Macaire-resultats.pdf\" target=\"_blank\" rel=\"noopener\">R\u00e9sultats du 26 f\u00e9vrier et qualifi\u00e9s au National<\/a><\/p>\n<\/div>\n\t\t<\/div><\/div><div id=\"pgc-8126-3-1\"  class=\"panel-grid-cell panel-grid-cell-empty\" ><\/div><\/div><div id=\"pg-8126-4\"  class=\"panel-grid panel-no-style\" ><div id=\"pgc-8126-4-0\"  class=\"panel-grid-cell\" ><div id=\"panel-8126-4-0-0\" class=\"so-panel widget widget_text panel-first-child panel-last-child\" data-index=\"4\" ><div class=\"panel-widget-style panel-widget-style-for-8126-4-0-0\" ><h3 class=\"widget-title\">DOCUMENTS UTILES :<\/h3>\t\t\t<div class=\"textwidget\"><p><a href=\"http:\/\/ugselpdl.fr\/wp-content\/uploads\/2021\/03\/TT-Cahier-des-charges.pdf\" target=\"_blank\" rel=\"noreferrer noopener\" data-rich-text-format-boundary=\"true\">Cahier des charges<\/a><\/p>\n<p>Feuille de \u00ab\u00a0par \u00e9quipe\u00a0\u00bb : <a href=\"http:\/\/ugselpdl.fr\/wp-content\/uploads\/2021\/03\/TT-feuille-de-par-Equipe.doc\" target=\"_blank\" rel=\"noreferrer noopener\">sous word<\/a> &#8211;<span class=\"has-inline-color has-vivid-red-color\"> <a href=\"http:\/\/ugselpdl.fr\/wp-content\/uploads\/2021\/03\/TT-Cahier-des-charges.pdf\" target=\"_blank\" rel=\"noreferrer noopener\">en pdf<\/a><\/span><\/p>\n<p><a href=\"https:\/\/www.ugsel.org\/competitions\/sports-individuels\/tennis-de-table\" target=\"_blank\" rel=\"noopener\">R\u00e8glements nationaux de Tennis de Table<\/a><\/p>\n<p>&nbsp;<\/p>\n<\/div>\n\t\t<\/div><\/div><\/div><div id=\"pgc-8126-4-1\"  class=\"panel-grid-cell\" ><div id=\"panel-8126-4-1-0\" class=\"so-panel widget widget_media_image panel-first-child panel-last-child\" data-index=\"5\" ><img width=\"300\" height=\"200\" src=\"https:\/\/ugselpdl.fr\/wp-content\/uploads\/2021\/06\/Tennis-de-table-300x200.jpg\" class=\"image wp-image-1272  attachment-medium size-medium\" alt=\"\" loading=\"lazy\" style=\"max-width: 100%; height: auto;\" srcset=\"https:\/\/ugselpdl.fr\/wp-content\/uploads\/2021\/06\/Tennis-de-table-300x200.jpg 300w, https:\/\/ugselpdl.fr\/wp-content\/uploads\/2021\/06\/Tennis-de-table-150x100.jpg 150w, https:\/\/ugselpdl.fr\/wp-content\/uploads\/2021\/06\/Tennis-de-table-272x182.jpg 272w, https:\/\/ugselpdl.fr\/wp-content\/uploads\/2021\/06\/Tennis-de-table.jpg 626w\" sizes=\"(max-width: 300px) 100vw, 300px\" \/><\/div><\/div><\/div><\/div>","protected":false},"excerpt":{"rendered":"<p>TT Promo Equipes : r\u00e9sultats et qualifi\u00e9s TT Elite Equipes : r\u00e9sultats et qualifi\u00e9s Circulaire d&rsquo;organisation du 2 avril<\/p>\n<p class=\"continue-reading-button\"> <a class=\"continue-reading-link\" href=\"https:\/\/ugselpdl.fr\/?page_id=8126\">Continue reading<i class=\"crycon-right-dir\"><\/i><\/a><\/p>\n","protected":false},"author":1,"featured_media":0,"parent":0,"menu_order":0,"comment_status":"closed","ping_status":"closed","template":"","meta":[],"_links":{"self":[{"href":"https:\/\/ugselpdl.fr\/index.php?rest_route=\/wp\/v2\/pages\/8126"}],"collection":[{"href":"https:\/\/ugselpdl.fr\/index.php?rest_route=\/wp\/v2\/pages"}],"about":[{"href":"https:\/\/ugselpdl.fr\/index.php?rest_route=\/wp\/v2\/types\/page"}],"author":[{"embeddable":true,"href":"https:\/\/ugselpdl.fr\/index.php?rest_route=\/wp\/v2\/users\/1"}],"replies":[{"embeddable":true,"href":"https:\/\/ugselpdl.fr\/index.php?rest_route=%2Fwp%2Fv2%2Fcomments&post=8126"}],"version-history":[{"count":18,"href":"https:\/\/ugselpdl.fr\/index.php?rest_route=\/wp\/v2\/pages\/8126\/revisions"}],"predecessor-version":[{"id":10110,"href":"https:\/\/ugselpdl.fr\/index.php?rest_route=\/wp\/v2\/pages\/8126\/revisions\/10110"}],"wp:attachment":[{"href":"https:\/\/ugselpdl.fr\/index.php?rest_route=%2Fwp%2Fv2%2Fmedia&parent=8126"}],"curies":[{"name":"wp","href":"https:\/\/api.w.org\/{rel}","templated":true}]}}