{"id":8261,"date":"2024-08-22T10:03:27","date_gmt":"2024-08-22T08:03:27","guid":{"rendered":"https:\/\/ugselpdl.fr\/?page_id=8261"},"modified":"2025-03-18T09:31:37","modified_gmt":"2025-03-18T08:31:37","slug":"escalade-24-25","status":"publish","type":"page","link":"https:\/\/ugselpdl.fr\/?page_id=8261","title":{"rendered":"Escalade 24\/25"},"content":{"rendered":"<div id=\"pl-8261\"  class=\"panel-layout\" ><div id=\"pg-8261-0\"  class=\"panel-grid panel-no-style\" ><div id=\"pgc-8261-0-0\"  class=\"panel-grid-cell\" ><div id=\"panel-8261-0-0-0\" class=\"so-panel widget widget_media_image panel-first-child panel-last-child\" data-index=\"0\" ><img width=\"300\" height=\"76\" src=\"https:\/\/ugselpdl.fr\/wp-content\/uploads\/2021\/05\/Escalade-300x76.png\" class=\"image wp-image-1126  attachment-medium size-medium\" alt=\"\" loading=\"lazy\" style=\"max-width: 100%; height: auto;\" srcset=\"https:\/\/ugselpdl.fr\/wp-content\/uploads\/2021\/05\/Escalade-300x76.png 300w, https:\/\/ugselpdl.fr\/wp-content\/uploads\/2021\/05\/Escalade-1024x260.png 1024w, https:\/\/ugselpdl.fr\/wp-content\/uploads\/2021\/05\/Escalade-768x195.png 768w, https:\/\/ugselpdl.fr\/wp-content\/uploads\/2021\/05\/Escalade-150x38.png 150w, https:\/\/ugselpdl.fr\/wp-content\/uploads\/2021\/05\/Escalade.png 1180w\" sizes=\"(max-width: 300px) 100vw, 300px\" \/><\/div><\/div><\/div><div id=\"pg-8261-1\"  class=\"panel-grid panel-no-style\" ><div id=\"pgc-8261-1-0\"  class=\"panel-grid-cell\" ><div id=\"panel-8261-1-0-0\" class=\"so-panel widget widget_text panel-first-child\" data-index=\"1\" ><h3 class=\"widget-title\">Championnat r\u00e9gional d&rsquo;Escalade le mercredi 12 mars 2025 au Mans<\/h3>\t\t\t<div class=\"textwidget\"><p><a href=\"http:\/\/ugselpdl.fr\/wp-content\/uploads\/2025\/03\/Escalade-Mixte-120325-Le-Mans-resultats-avec-Q.pdf\" target=\"_blank\" rel=\"noopener\">Escalade mixte 12\/03\/25 Le Mans r\u00e9sultats avec qualifi\u00e9s au National surlign\u00e9s en bleu<\/a><\/p>\n<p><a href=\"http:\/\/ugselpdl.fr\/wp-content\/uploads\/2025\/03\/Escalade-Non-Mixte-120325-Le-Mans-resultats-avec-Q.pdf\" target=\"_blank\" rel=\"noopener\">Escalade non mixte 12\/03\/25 Le Mans r\u00e9sultats avec qualifi\u00e9s au National surlign\u00e9s en bleu<\/a><\/p>\n<p><a href=\"http:\/\/ugselpdl.fr\/wp-content\/uploads\/2025\/02\/Escalade-au-Mans-12032025.pdf\" target=\"_blank\" rel=\"noopener\">Circulaire d&rsquo;organisation du 12 mars<\/a><\/p>\n<p><a href=\"https:\/\/docs.google.com\/forms\/d\/e\/1FAIpQLScgGHfLSDAURjbSq93Zv9OBijljXXNucbd5bCBnk5dykxewkA\/viewform?usp=sharing\" target=\"_blank\" rel=\"noopener\">Inscription des juges<\/a><\/p>\n<\/div>\n\t\t<\/div><div id=\"panel-8261-1-0-1\" class=\"so-panel widget widget_text panel-last-child\" data-index=\"2\" ><h3 class=\"widget-title\">Stage Jeunes Officiels Escalade le 8 janvier 2025 \u00e0 Mongazon Angers<\/h3>\t\t\t<div class=\"textwidget\"><p>Accueil \u00e0 13 h \u00e0 Mongazon Angers<\/p>\n<p>Limite des inscriptions le 15\/12 : <a href=\"https:\/\/docs.google.com\/forms\/d\/e\/1FAIpQLSe44vT1Evh_C7RVMPtrTKgCIchpNxyUsDjBxwzuCohLgP7dvQ\/viewform?usp=sf_link\" target=\"_blank\" rel=\"noopener\">Inscriptions<\/a><\/p>\n<\/div>\n\t\t<\/div><\/div><div id=\"pgc-8261-1-1\"  class=\"panel-grid-cell\" ><div id=\"panel-8261-1-1-0\" class=\"so-panel widget widget_media_gallery panel-first-child panel-last-child\" data-index=\"3\" ><h3 class=\"widget-title\">Escalade 12\/03\/2025 au Mans<\/h3>\n\t\t<style type=\"text\/css\">\n\t\t\t#gallery-1 {\n\t\t\t\tmargin: auto;\n\t\t\t}\n\t\t\t#gallery-1 .gallery-item {\n\t\t\t\tfloat: left;\n\t\t\t\tmargin-top: 10px;\n\t\t\t\ttext-align: center;\n\t\t\t\twidth: 25%;\n\t\t\t}\n\t\t\t#gallery-1 img {\n\t\t\t\tborder: 2px solid #cfcfcf;\n\t\t\t}\n\t\t\t#gallery-1 .gallery-caption {\n\t\t\t\tmargin-left: 0;\n\t\t\t}\n\t\t\t\/* see gallery_shortcode() in wp-includes\/media.php *\/\n\t\t<\/style>\n\t\t<div id='gallery-1' class='gallery galleryid-8261 gallery-columns-4 gallery-size-thumbnail'><dl class='gallery-item'>\n\t\t\t<dt class='gallery-icon landscape'>\n\t\t\t\t<a href='https:\/\/ugselpdl.fr\/?attachment_id=9888'><img width=\"150\" height=\"150\" src=\"https:\/\/ugselpdl.fr\/wp-content\/uploads\/2025\/03\/IMG_3010-150x150.jpeg\" class=\"attachment-thumbnail size-thumbnail\" alt=\"\" loading=\"lazy\" \/><\/a>\n\t\t\t<\/dt><\/dl><dl class='gallery-item'>\n\t\t\t<dt class='gallery-icon landscape'>\n\t\t\t\t<a href='https:\/\/ugselpdl.fr\/?attachment_id=9887'><img width=\"150\" height=\"150\" src=\"https:\/\/ugselpdl.fr\/wp-content\/uploads\/2025\/03\/IMG_3012-150x150.jpeg\" class=\"attachment-thumbnail size-thumbnail\" alt=\"\" loading=\"lazy\" \/><\/a>\n\t\t\t<\/dt><\/dl><dl class='gallery-item'>\n\t\t\t<dt class='gallery-icon landscape'>\n\t\t\t\t<a href='https:\/\/ugselpdl.fr\/?attachment_id=9886'><img width=\"150\" height=\"150\" src=\"https:\/\/ugselpdl.fr\/wp-content\/uploads\/2025\/03\/IMG_3014-150x150.jpeg\" class=\"attachment-thumbnail size-thumbnail\" alt=\"\" loading=\"lazy\" \/><\/a>\n\t\t\t<\/dt><\/dl><dl class='gallery-item'>\n\t\t\t<dt class='gallery-icon landscape'>\n\t\t\t\t<a href='https:\/\/ugselpdl.fr\/?attachment_id=9885'><img width=\"150\" height=\"150\" src=\"https:\/\/ugselpdl.fr\/wp-content\/uploads\/2025\/03\/IMG_3015-150x150.jpeg\" class=\"attachment-thumbnail size-thumbnail\" alt=\"\" loading=\"lazy\" \/><\/a>\n\t\t\t<\/dt><\/dl><br style=\"clear: both\" \/><dl class='gallery-item'>\n\t\t\t<dt class='gallery-icon landscape'>\n\t\t\t\t<a href='https:\/\/ugselpdl.fr\/?attachment_id=9884'><img width=\"150\" height=\"150\" src=\"https:\/\/ugselpdl.fr\/wp-content\/uploads\/2025\/03\/IMG_3008-150x150.jpeg\" class=\"attachment-thumbnail size-thumbnail\" alt=\"\" loading=\"lazy\" \/><\/a>\n\t\t\t<\/dt><\/dl><dl class='gallery-item'>\n\t\t\t<dt class='gallery-icon landscape'>\n\t\t\t\t<a href='https:\/\/ugselpdl.fr\/?attachment_id=9883'><img width=\"150\" height=\"150\" src=\"https:\/\/ugselpdl.fr\/wp-content\/uploads\/2025\/03\/IMG_3036-150x150.jpeg\" class=\"attachment-thumbnail size-thumbnail\" alt=\"\" loading=\"lazy\" \/><\/a>\n\t\t\t<\/dt><\/dl><dl class='gallery-item'>\n\t\t\t<dt class='gallery-icon landscape'>\n\t\t\t\t<a href='https:\/\/ugselpdl.fr\/?attachment_id=9882'><img width=\"150\" height=\"150\" src=\"https:\/\/ugselpdl.fr\/wp-content\/uploads\/2025\/03\/IMG_3019-150x150.jpeg\" class=\"attachment-thumbnail size-thumbnail\" alt=\"\" loading=\"lazy\" \/><\/a>\n\t\t\t<\/dt><\/dl><dl class='gallery-item'>\n\t\t\t<dt class='gallery-icon landscape'>\n\t\t\t\t<a href='https:\/\/ugselpdl.fr\/?attachment_id=9881'><img width=\"150\" height=\"150\" src=\"https:\/\/ugselpdl.fr\/wp-content\/uploads\/2025\/03\/IMG_3018-150x150.jpeg\" class=\"attachment-thumbnail size-thumbnail\" alt=\"\" loading=\"lazy\" \/><\/a>\n\t\t\t<\/dt><\/dl><br style=\"clear: both\" \/>\n\t\t<\/div>\n<\/div><\/div><\/div><div id=\"pg-8261-2\"  class=\"panel-grid panel-no-style\" ><div id=\"pgc-8261-2-0\"  class=\"panel-grid-cell\" ><div id=\"panel-8261-2-0-0\" class=\"so-panel widget widget_text panel-first-child\" data-index=\"4\" ><div class=\"panel-widget-style panel-widget-style-for-8261-2-0-0\" ><h3 class=\"widget-title\">DOCUMENTS UTILES :<\/h3>\t\t\t<div class=\"textwidget\"><p><a href=\"https:\/\/www.ugsel.org\/competitions\/sports-individuels\/escalade\" target=\"_blank\" rel=\"noopener\">R\u00e8glements nationaux d&rsquo;Escalade<\/a><\/p>\n<\/div>\n\t\t<\/div><\/div><\/div><div id=\"pgc-8261-2-1\"  class=\"panel-grid-cell\" ><div id=\"panel-8261-2-1-0\" class=\"so-panel widget widget_media_image panel-first-child panel-last-child\" data-index=\"6\" ><img width=\"300\" height=\"200\" src=\"https:\/\/ugselpdl.fr\/wp-content\/uploads\/2021\/03\/Escalade-Nantes-300x200.jpg\" class=\"image wp-image-496  attachment-medium size-medium\" alt=\"\" loading=\"lazy\" style=\"max-width: 100%; height: auto;\" srcset=\"https:\/\/ugselpdl.fr\/wp-content\/uploads\/2021\/03\/Escalade-Nantes-300x200.jpg 300w, https:\/\/ugselpdl.fr\/wp-content\/uploads\/2021\/03\/Escalade-Nantes-1024x683.jpg 1024w, https:\/\/ugselpdl.fr\/wp-content\/uploads\/2021\/03\/Escalade-Nantes-768x512.jpg 768w, https:\/\/ugselpdl.fr\/wp-content\/uploads\/2021\/03\/Escalade-Nantes-1536x1024.jpg 1536w, https:\/\/ugselpdl.fr\/wp-content\/uploads\/2021\/03\/Escalade-Nantes-150x100.jpg 150w, https:\/\/ugselpdl.fr\/wp-content\/uploads\/2021\/03\/Escalade-Nantes.jpg 2048w\" sizes=\"(max-width: 300px) 100vw, 300px\" \/><\/div><\/div><\/div><\/div>","protected":false},"excerpt":{"rendered":"<p>Escalade mixte 12\/03\/25 Le Mans r\u00e9sultats avec qualifi\u00e9s au National surlign\u00e9s en bleu Escalade non mixte 12\/03\/25 Le Mans r\u00e9sultats avec qualifi\u00e9s au National surlign\u00e9s en bleu Circulaire d&rsquo;organisation du 12 mars Inscription des juges Accueil \u00e0 13 h \u00e0 Mongazon Angers Limite des inscriptions le 15\/12 : Inscriptions<\/p>\n<p class=\"continue-reading-button\"> <a class=\"continue-reading-link\" href=\"https:\/\/ugselpdl.fr\/?page_id=8261\">Continue reading<i class=\"crycon-right-dir\"><\/i><\/a><\/p>\n","protected":false},"author":1,"featured_media":0,"parent":0,"menu_order":0,"comment_status":"closed","ping_status":"closed","template":"","meta":[],"_links":{"self":[{"href":"https:\/\/ugselpdl.fr\/index.php?rest_route=\/wp\/v2\/pages\/8261"}],"collection":[{"href":"https:\/\/ugselpdl.fr\/index.php?rest_route=\/wp\/v2\/pages"}],"about":[{"href":"https:\/\/ugselpdl.fr\/index.php?rest_route=\/wp\/v2\/types\/page"}],"author":[{"embeddable":true,"href":"https:\/\/ugselpdl.fr\/index.php?rest_route=\/wp\/v2\/users\/1"}],"replies":[{"embeddable":true,"href":"https:\/\/ugselpdl.fr\/index.php?rest_route=%2Fwp%2Fv2%2Fcomments&post=8261"}],"version-history":[{"count":26,"href":"https:\/\/ugselpdl.fr\/index.php?rest_route=\/wp\/v2\/pages\/8261\/revisions"}],"predecessor-version":[{"id":9974,"href":"https:\/\/ugselpdl.fr\/index.php?rest_route=\/wp\/v2\/pages\/8261\/revisions\/9974"}],"wp:attachment":[{"href":"https:\/\/ugselpdl.fr\/index.php?rest_route=%2Fwp%2Fv2%2Fmedia&parent=8261"}],"curies":[{"name":"wp","href":"https:\/\/api.w.org\/{rel}","templated":true}]}}