{"id":8265,"date":"2024-08-22T10:57:35","date_gmt":"2024-08-22T08:57:35","guid":{"rendered":"https:\/\/ugselpdl.fr\/?page_id=8265"},"modified":"2025-04-03T11:23:09","modified_gmt":"2025-04-03T09:23:09","slug":"golf-24-25","status":"publish","type":"page","link":"https:\/\/ugselpdl.fr\/?page_id=8265","title":{"rendered":"Golf 24\/25"},"content":{"rendered":"<div id=\"pl-8265\"  class=\"panel-layout\" ><div id=\"pg-8265-0\"  class=\"panel-grid panel-no-style\" ><div id=\"pgc-8265-0-0\"  class=\"panel-grid-cell\" ><div id=\"panel-8265-0-0-0\" class=\"so-panel widget widget_media_image panel-first-child panel-last-child\" data-index=\"0\" ><img width=\"300\" height=\"76\" src=\"https:\/\/ugselpdl.fr\/wp-content\/uploads\/2021\/05\/Golf-300x76.png\" class=\"image wp-image-1129  attachment-medium size-medium\" alt=\"\" loading=\"lazy\" style=\"max-width: 100%; height: auto;\" srcset=\"https:\/\/ugselpdl.fr\/wp-content\/uploads\/2021\/05\/Golf-300x76.png 300w, https:\/\/ugselpdl.fr\/wp-content\/uploads\/2021\/05\/Golf-1024x261.png 1024w, https:\/\/ugselpdl.fr\/wp-content\/uploads\/2021\/05\/Golf-768x196.png 768w, https:\/\/ugselpdl.fr\/wp-content\/uploads\/2021\/05\/Golf-150x38.png 150w, https:\/\/ugselpdl.fr\/wp-content\/uploads\/2021\/05\/Golf.png 1181w\" sizes=\"(max-width: 300px) 100vw, 300px\" \/><\/div><\/div><\/div><div id=\"pg-8265-1\"  class=\"panel-grid panel-no-style\" ><div id=\"pgc-8265-1-0\"  class=\"panel-grid-cell\" ><div id=\"panel-8265-1-0-0\" class=\"so-panel widget widget_text panel-first-child\" data-index=\"1\" ><h3 class=\"widget-title\">Championnat r\u00e9gional Elite de Golf le mercredi 2 avril 2025 \u00e0 Carquefou<\/h3>\t\t\t<div class=\"textwidget\"><p><a href=\"http:\/\/ugselpdl.fr\/wp-content\/uploads\/2025\/04\/Golf-Elite-020425-Carquefou-resultats.pdf\" target=\"_blank\" rel=\"noopener\">R\u00e9sultats Golf Elite et qualifi\u00e9s au National<\/a><\/p>\n<p><a href=\"http:\/\/ugselpdl.fr\/wp-content\/uploads\/2025\/03\/Golf-Elite-020425-Carquefou.pdf\" target=\"_blank\" rel=\"noopener\">Circulaire d&rsquo;organisation du 2 avril \u00e0 Carquefou<\/a><\/p>\n<\/div>\n\t\t<\/div><div id=\"panel-8265-1-0-1\" class=\"so-panel widget widget_text panel-last-child\" data-index=\"2\" ><h3 class=\"widget-title\">Championnat r\u00e9gional Promo de Golf le mercredi 19 mars 2025 \u00e0 Savenay<\/h3>\t\t\t<div class=\"textwidget\"><p><a href=\"http:\/\/ugselpdl.fr\/wp-content\/uploads\/2025\/03\/Golf-Promo-190325-Savenay-resultats.pdf\" target=\"_blank\" rel=\"noopener\">R\u00e9sultats du Golf Promo 2025 et qualifi\u00e9s au National<\/a><\/p>\n<p><a href=\"http:\/\/ugselpdl.fr\/wp-content\/uploads\/2025\/03\/Golf-Promo-Q-190325-Savenay.pdf\" target=\"_blank\" rel=\"noopener\">Circulaire d&rsquo;organisation du 19 mars \u00e0 Savenay<\/a><\/p>\n<\/div>\n\t\t<\/div><\/div><\/div><div id=\"pg-8265-2\"  class=\"panel-grid panel-no-style\" ><div id=\"pgc-8265-2-0\"  class=\"panel-grid-cell\" ><div id=\"panel-8265-2-0-0\" class=\"so-panel widget widget_text panel-first-child panel-last-child\" data-index=\"3\" ><div class=\"panel-widget-style panel-widget-style-for-8265-2-0-0\" ><h3 class=\"widget-title\">DOCUMENTS UTILES :<\/h3>\t\t\t<div class=\"textwidget\"><p><a href=\"http:\/\/ugselpdl.fr\/wp-content\/uploads\/2021\/03\/Golf-cahier-des-charges.pdf\" target=\"_blank\" rel=\"noreferrer noopener\" data-rich-text-format-boundary=\"true\">Cahier des charges<\/a><\/p>\n<p><a href=\"http:\/\/ugselpdl.fr\/wp-content\/uploads\/2021\/03\/reglement-simplifie-promo-Ugsel-region.pdf\" target=\"_blank\" rel=\"noopener\">R\u00e8glement simplifi\u00e9 Promo r\u00e9gion<\/a><\/p>\n<p><a href=\"https:\/\/www.ugsel.org\/competitions\/sports-individuels\/golf\" target=\"_blank\" rel=\"noopener\">R\u00e8glements nationaux de Golf<\/a><\/p>\n<\/div>\n\t\t<\/div><\/div><\/div><div id=\"pgc-8265-2-1\"  class=\"panel-grid-cell\" ><div id=\"panel-8265-2-1-0\" class=\"so-panel widget widget_media_image panel-first-child panel-last-child\" data-index=\"4\" ><img width=\"300\" height=\"245\" src=\"https:\/\/ugselpdl.fr\/wp-content\/uploads\/2021\/03\/Golf-300x245.gif\" class=\"image wp-image-507  attachment-medium size-medium\" alt=\"\" loading=\"lazy\" style=\"max-width: 100%; height: auto;\" srcset=\"https:\/\/ugselpdl.fr\/wp-content\/uploads\/2021\/03\/Golf-300x245.gif 300w, https:\/\/ugselpdl.fr\/wp-content\/uploads\/2021\/03\/Golf-150x123.gif 150w\" sizes=\"(max-width: 300px) 100vw, 300px\" \/><\/div><\/div><\/div><\/div>","protected":false},"excerpt":{"rendered":"<p>R\u00e9sultats Golf Elite et qualifi\u00e9s au National Circulaire d&rsquo;organisation du 2 avril \u00e0 Carquefou R\u00e9sultats du Golf Promo 2025 et qualifi\u00e9s au National Circulaire d&rsquo;organisation du 19 mars \u00e0 Savenay<\/p>\n<p class=\"continue-reading-button\"> <a class=\"continue-reading-link\" href=\"https:\/\/ugselpdl.fr\/?page_id=8265\">Continue reading<i class=\"crycon-right-dir\"><\/i><\/a><\/p>\n","protected":false},"author":1,"featured_media":0,"parent":0,"menu_order":0,"comment_status":"closed","ping_status":"closed","template":"","meta":[],"_links":{"self":[{"href":"https:\/\/ugselpdl.fr\/index.php?rest_route=\/wp\/v2\/pages\/8265"}],"collection":[{"href":"https:\/\/ugselpdl.fr\/index.php?rest_route=\/wp\/v2\/pages"}],"about":[{"href":"https:\/\/ugselpdl.fr\/index.php?rest_route=\/wp\/v2\/types\/page"}],"author":[{"embeddable":true,"href":"https:\/\/ugselpdl.fr\/index.php?rest_route=\/wp\/v2\/users\/1"}],"replies":[{"embeddable":true,"href":"https:\/\/ugselpdl.fr\/index.php?rest_route=%2Fwp%2Fv2%2Fcomments&post=8265"}],"version-history":[{"count":14,"href":"https:\/\/ugselpdl.fr\/index.php?rest_route=\/wp\/v2\/pages\/8265\/revisions"}],"predecessor-version":[{"id":10113,"href":"https:\/\/ugselpdl.fr\/index.php?rest_route=\/wp\/v2\/pages\/8265\/revisions\/10113"}],"wp:attachment":[{"href":"https:\/\/ugselpdl.fr\/index.php?rest_route=%2Fwp%2Fv2%2Fmedia&parent=8265"}],"curies":[{"name":"wp","href":"https:\/\/api.w.org\/{rel}","templated":true}]}}