{"id":8269,"date":"2024-08-22T11:06:02","date_gmt":"2024-08-22T09:06:02","guid":{"rendered":"https:\/\/ugselpdl.fr\/?page_id=8269"},"modified":"2025-02-05T12:13:25","modified_gmt":"2025-02-05T11:13:25","slug":"surf-24-25","status":"publish","type":"page","link":"https:\/\/ugselpdl.fr\/?page_id=8269","title":{"rendered":"Surf 24\/25"},"content":{"rendered":"<div id=\"pl-8269\"  class=\"panel-layout\" ><div id=\"pg-8269-0\"  class=\"panel-grid panel-no-style\" ><div id=\"pgc-8269-0-0\"  class=\"panel-grid-cell\" ><div id=\"panel-8269-0-0-0\" class=\"so-panel widget widget_media_image panel-first-child panel-last-child\" data-index=\"0\" ><img width=\"300\" height=\"76\" src=\"https:\/\/ugselpdl.fr\/wp-content\/uploads\/2021\/05\/Surf-300x76.png\" class=\"image wp-image-1127  attachment-medium size-medium\" alt=\"\" loading=\"lazy\" style=\"max-width: 100%; height: auto;\" srcset=\"https:\/\/ugselpdl.fr\/wp-content\/uploads\/2021\/05\/Surf-300x76.png 300w, https:\/\/ugselpdl.fr\/wp-content\/uploads\/2021\/05\/Surf-1024x259.png 1024w, https:\/\/ugselpdl.fr\/wp-content\/uploads\/2021\/05\/Surf-768x195.png 768w, https:\/\/ugselpdl.fr\/wp-content\/uploads\/2021\/05\/Surf-150x38.png 150w, https:\/\/ugselpdl.fr\/wp-content\/uploads\/2021\/05\/Surf.png 1180w\" sizes=\"(max-width: 300px) 100vw, 300px\" \/><\/div><\/div><\/div><div id=\"pg-8269-1\"  class=\"panel-grid panel-no-style\" ><div id=\"pgc-8269-1-0\"  class=\"panel-grid-cell\" ><div id=\"panel-8269-1-0-0\" class=\"so-panel widget widget_text panel-first-child panel-last-child\" data-index=\"1\" ><h3 class=\"widget-title\">Championnat r\u00e9gional de Surf le mercredi 2 octobre 2024 \u00e0 St Gilles Croix de Vie<\/h3>\t\t\t<div class=\"textwidget\"><p><a href=\"http:\/\/ugselpdl.fr\/wp-content\/uploads\/2024\/09\/Pleine-Nature-Surf-021024-Organisation.pdf\" target=\"_blank\" rel=\"noopener\">Circulaire d&rsquo;organisation<\/a><\/p>\n<p><a href=\"http:\/\/ugselpdl.fr\/wp-content\/uploads\/2024\/10\/Surf-021024-St-Gilles-Resultats-Benjamins.pdf\" target=\"_blank\" rel=\"noopener\">R\u00e9sultats Benjamins<\/a> &#8211;\u00a0<a href=\"http:\/\/ugselpdl.fr\/wp-content\/uploads\/2024\/10\/Surf-021024-St-Gilles-Resultats-Minimes.pdf\" target=\"_blank\" rel=\"noopener\">R\u00e9sultats Minimes<\/a> &#8211;\u00a0<a href=\"http:\/\/ugselpdl.fr\/wp-content\/uploads\/2024\/10\/Surf-021024-St-Gilles-Resultats-Lycee.pdf\" target=\"_blank\" rel=\"noopener\">R\u00e9sultats Lyc\u00e9es<\/a><\/p>\n<p><a href=\"http:\/\/ugselpdl.fr\/wp-content\/uploads\/2024\/10\/Surf-021024-St-Gilles-Resultats-individuels.pdf\" target=\"_blank\" rel=\"noopener\">R\u00e9sultats Individuels toutes cat\u00e9gories<\/a><\/p>\n<p><a href=\"http:\/\/ugselpdl.fr\/wp-content\/uploads\/2025\/02\/Surf-021024-St-Gilles-Resultats-par-equipe.pdf\" target=\"_blank\" rel=\"noopener\">R\u00e9sultats Equipes<\/a><\/p>\n<\/div>\n\t\t<\/div><\/div><\/div><div id=\"pg-8269-2\"  class=\"panel-grid panel-no-style\" ><div id=\"pgc-8269-2-0\"  class=\"panel-grid-cell\" ><div id=\"panel-8269-2-0-0\" class=\"so-panel widget widget_text panel-first-child panel-last-child\" data-index=\"2\" ><h3 class=\"widget-title\">Documents utiles<\/h3>\t\t\t<div class=\"textwidget\"><p><a href=\"https:\/\/www.ugsel.org\/competitions\/sports-individuels\/surf\" target=\"_blank\" rel=\"noopener\">R\u00e8glements nationaux<\/a><\/p>\n<\/div>\n\t\t<\/div><\/div><\/div><\/div>","protected":false},"excerpt":{"rendered":"<p>Circulaire d&rsquo;organisation R\u00e9sultats Benjamins &#8211;\u00a0R\u00e9sultats Minimes &#8211;\u00a0R\u00e9sultats Lyc\u00e9es R\u00e9sultats Individuels toutes cat\u00e9gories R\u00e9sultats Equipes<\/p>\n<p class=\"continue-reading-button\"> <a class=\"continue-reading-link\" href=\"https:\/\/ugselpdl.fr\/?page_id=8269\">Continue reading<i class=\"crycon-right-dir\"><\/i><\/a><\/p>\n","protected":false},"author":1,"featured_media":0,"parent":0,"menu_order":0,"comment_status":"closed","ping_status":"closed","template":"","meta":[],"_links":{"self":[{"href":"https:\/\/ugselpdl.fr\/index.php?rest_route=\/wp\/v2\/pages\/8269"}],"collection":[{"href":"https:\/\/ugselpdl.fr\/index.php?rest_route=\/wp\/v2\/pages"}],"about":[{"href":"https:\/\/ugselpdl.fr\/index.php?rest_route=\/wp\/v2\/types\/page"}],"author":[{"embeddable":true,"href":"https:\/\/ugselpdl.fr\/index.php?rest_route=\/wp\/v2\/users\/1"}],"replies":[{"embeddable":true,"href":"https:\/\/ugselpdl.fr\/index.php?rest_route=%2Fwp%2Fv2%2Fcomments&post=8269"}],"version-history":[{"count":10,"href":"https:\/\/ugselpdl.fr\/index.php?rest_route=\/wp\/v2\/pages\/8269\/revisions"}],"predecessor-version":[{"id":9531,"href":"https:\/\/ugselpdl.fr\/index.php?rest_route=\/wp\/v2\/pages\/8269\/revisions\/9531"}],"wp:attachment":[{"href":"https:\/\/ugselpdl.fr\/index.php?rest_route=%2Fwp%2Fv2%2Fmedia&parent=8269"}],"curies":[{"name":"wp","href":"https:\/\/api.w.org\/{rel}","templated":true}]}}