{"id":8277,"date":"2024-08-22T11:20:59","date_gmt":"2024-08-22T09:20:59","guid":{"rendered":"https:\/\/ugselpdl.fr\/?page_id=8277"},"modified":"2025-03-11T11:14:27","modified_gmt":"2025-03-11T10:14:27","slug":"vtt-24-25","status":"publish","type":"page","link":"https:\/\/ugselpdl.fr\/?page_id=8277","title":{"rendered":"VTT 24\/25"},"content":{"rendered":"<div id=\"pl-8277\"  class=\"panel-layout\" ><div id=\"pg-8277-0\"  class=\"panel-grid panel-no-style\" ><div id=\"pgc-8277-0-0\"  class=\"panel-grid-cell\" ><div id=\"panel-8277-0-0-0\" class=\"so-panel widget widget_media_image panel-first-child panel-last-child\" data-index=\"0\" ><img width=\"300\" height=\"93\" src=\"https:\/\/ugselpdl.fr\/wp-content\/uploads\/2021\/08\/VTT-300x93.jpg\" class=\"image wp-image-1540  attachment-medium size-medium\" alt=\"\" loading=\"lazy\" style=\"max-width: 100%; height: auto;\" srcset=\"https:\/\/ugselpdl.fr\/wp-content\/uploads\/2021\/08\/VTT-300x93.jpg 300w, https:\/\/ugselpdl.fr\/wp-content\/uploads\/2021\/08\/VTT-150x47.jpg 150w, https:\/\/ugselpdl.fr\/wp-content\/uploads\/2021\/08\/VTT.jpg 402w\" sizes=\"(max-width: 300px) 100vw, 300px\" \/><\/div><\/div><\/div><div id=\"pg-8277-1\"  class=\"panel-grid panel-no-style\" ><div id=\"pgc-8277-1-0\"  class=\"panel-grid-cell panel-grid-cell-mobile-last\" ><div id=\"panel-8277-1-0-0\" class=\"so-panel widget widget_text panel-first-child panel-last-child\" data-index=\"1\" ><h3 class=\"widget-title\">Championnat r\u00e9gional de VTT le mercredi 5 mars 2025 \u00e0 Ecouflant (49)<\/h3>\t\t\t<div class=\"textwidget\"><p><a href=\"http:\/\/ugselpdl.fr\/wp-content\/uploads\/2025\/03\/VTT-050325-Ecouflant-Q-au-National.pdf\" target=\"_blank\" rel=\"noopener\">Liste des qualifi\u00e9s au National de VTT<\/a><\/p>\n<p>R\u00e9sultats VTT : <a href=\"http:\/\/ugselpdl.fr\/wp-content\/uploads\/2025\/03\/VTT-050325-Ecouflant-resultats-BG.pdf\" target=\"_blank\" rel=\"noopener\">BG<\/a> &#8211; <a href=\"http:\/\/ugselpdl.fr\/wp-content\/uploads\/2025\/03\/VTT-050325-Ecouflant-resultats-MF.pdf\" target=\"_blank\" rel=\"noopener\">MF<\/a> &#8211; <a href=\"http:\/\/ugselpdl.fr\/wp-content\/uploads\/2025\/03\/VTT-050325-Ecouflant-resultats-MG.pdf\" target=\"_blank\" rel=\"noopener\">MG<\/a> &#8211; <a href=\"http:\/\/ugselpdl.fr\/wp-content\/uploads\/2025\/03\/VTT-050325-Ecouflant-resultats-CJF.pdf\" target=\"_blank\" rel=\"noopener\">CJF<\/a> &#8211; <a href=\"http:\/\/ugselpdl.fr\/wp-content\/uploads\/2025\/03\/VTT-050325-Ecouflant-resultats-CJG.pdf\" target=\"_blank\" rel=\"noopener\">CJG <\/a>&#8211; <a href=\"http:\/\/ugselpdl.fr\/wp-content\/uploads\/2025\/03\/VTT-050325-Ecouflant-resultats-Ttes-cat.pdf\" target=\"_blank\" rel=\"noopener\">Toutes cat\u00e9gories<\/a><\/p>\n<p><a href=\"http:\/\/ugselpdl.fr\/wp-content\/uploads\/2025\/02\/VTT-050325-Ecouflant.pdf\" target=\"_blank\" rel=\"noopener\">Circulaire d&rsquo;organisation du VTT<\/a><\/p>\n<p><a href=\"http:\/\/ugselpdl.fr\/wp-content\/uploads\/2025\/02\/VTT-050325-Ecouflant-Plan.pdf\" target=\"_blank\" rel=\"noopener\">Plan du VTT du 5 mars<\/a><\/p>\n<\/div>\n\t\t<\/div><\/div><div id=\"pgc-8277-1-1\"  class=\"panel-grid-cell panel-grid-cell-empty\" ><\/div><\/div><div id=\"pg-8277-2\"  class=\"panel-grid panel-no-style\" ><div id=\"pgc-8277-2-0\"  class=\"panel-grid-cell\" ><div id=\"panel-8277-2-0-0\" class=\"so-panel widget widget_text panel-first-child panel-last-child\" data-index=\"2\" ><h3 class=\"widget-title\">DOCUMENTS UTILES :<\/h3>\t\t\t<div class=\"textwidget\"><p><a href=\"https:\/\/www.ugsel.org\/competitions\/sports-individuels\/vtt\" target=\"_blank\" rel=\"noopener\">R\u00e8glements nationaux de VTT<\/a><\/p>\n<\/div>\n\t\t<\/div><\/div><\/div><\/div>","protected":false},"excerpt":{"rendered":"<p>Liste des qualifi\u00e9s au National de VTT R\u00e9sultats VTT : BG &#8211; MF &#8211; MG &#8211; CJF &#8211; CJG &#8211; Toutes cat\u00e9gories Circulaire d&rsquo;organisation du VTT Plan du VTT du 5 mars<\/p>\n<p class=\"continue-reading-button\"> <a class=\"continue-reading-link\" href=\"https:\/\/ugselpdl.fr\/?page_id=8277\">Continue reading<i class=\"crycon-right-dir\"><\/i><\/a><\/p>\n","protected":false},"author":1,"featured_media":0,"parent":0,"menu_order":0,"comment_status":"closed","ping_status":"closed","template":"","meta":[],"_links":{"self":[{"href":"https:\/\/ugselpdl.fr\/index.php?rest_route=\/wp\/v2\/pages\/8277"}],"collection":[{"href":"https:\/\/ugselpdl.fr\/index.php?rest_route=\/wp\/v2\/pages"}],"about":[{"href":"https:\/\/ugselpdl.fr\/index.php?rest_route=\/wp\/v2\/types\/page"}],"author":[{"embeddable":true,"href":"https:\/\/ugselpdl.fr\/index.php?rest_route=\/wp\/v2\/users\/1"}],"replies":[{"embeddable":true,"href":"https:\/\/ugselpdl.fr\/index.php?rest_route=%2Fwp%2Fv2%2Fcomments&post=8277"}],"version-history":[{"count":22,"href":"https:\/\/ugselpdl.fr\/index.php?rest_route=\/wp\/v2\/pages\/8277\/revisions"}],"predecessor-version":[{"id":9822,"href":"https:\/\/ugselpdl.fr\/index.php?rest_route=\/wp\/v2\/pages\/8277\/revisions\/9822"}],"wp:attachment":[{"href":"https:\/\/ugselpdl.fr\/index.php?rest_route=%2Fwp%2Fv2%2Fmedia&parent=8277"}],"curies":[{"name":"wp","href":"https:\/\/api.w.org\/{rel}","templated":true}]}}