{"id":8281,"date":"2024-08-22T11:29:24","date_gmt":"2024-08-22T09:29:24","guid":{"rendered":"https:\/\/ugselpdl.fr\/?page_id=8281"},"modified":"2025-04-01T09:48:15","modified_gmt":"2025-04-01T07:48:15","slug":"raid-24-25","status":"publish","type":"page","link":"https:\/\/ugselpdl.fr\/?page_id=8281","title":{"rendered":"Raid 24\/25"},"content":{"rendered":"<div id=\"pl-8281\"  class=\"panel-layout\" ><div id=\"pg-8281-0\"  class=\"panel-grid panel-no-style\" ><div id=\"pgc-8281-0-0\"  class=\"panel-grid-cell\" ><div id=\"panel-8281-0-0-0\" class=\"so-panel widget widget_media_image panel-first-child panel-last-child\" data-index=\"0\" ><img width=\"100\" height=\"100\" src=\"https:\/\/ugselpdl.fr\/wp-content\/uploads\/2022\/10\/run-bike-150x150.jpg\" class=\"image wp-image-4054  attachment-100x100 size-100x100\" alt=\"\" loading=\"lazy\" style=\"max-width: 100%; height: auto;\" srcset=\"https:\/\/ugselpdl.fr\/wp-content\/uploads\/2022\/10\/run-bike-150x150.jpg 150w, https:\/\/ugselpdl.fr\/wp-content\/uploads\/2022\/10\/run-bike.jpg 225w\" sizes=\"(max-width: 100px) 100vw, 100px\" \/><\/div><\/div><\/div><div id=\"pg-8281-1\"  class=\"panel-grid panel-no-style\" ><div id=\"pgc-8281-1-0\"  class=\"panel-grid-cell panel-grid-cell-mobile-last\" ><div id=\"panel-8281-1-0-0\" class=\"so-panel widget widget_text panel-first-child\" data-index=\"1\" ><h3 class=\"widget-title\">Raid r\u00e9gional qualificatif au championnat de France le mercredi 19 mars 2025 sur le site de Pont Caffino \u00e0 Ch\u00e2teau-Th\u00e9baud<\/h3>\t\t\t<div class=\"textwidget\"><p><a href=\"http:\/\/ugselpdl.fr\/wp-content\/uploads\/2025\/04\/Raid-19032025-Pont-Caffino-resultats.pdf\" target=\"_blank\" rel=\"noopener\">R\u00e9sultats et qualifi\u00e9s au National<\/a><\/p>\n<p><a href=\"http:\/\/ugselpdl.fr\/wp-content\/uploads\/2025\/03\/Raid-Pont-Caffino-190325.pdf\">Circulaire d&rsquo;organisation du Raid du 19 mars<\/a><\/p>\n<p><a href=\"https:\/\/www.ugsel.org\/competitions\/sports-individuels\/raid\" target=\"_blank\" rel=\"noopener\">R\u00e8glements nationaux de Raid<\/a><\/p>\n<p>&nbsp;<\/p>\n<\/div>\n\t\t<\/div><div id=\"panel-8281-1-0-1\" class=\"so-panel widget widget_text panel-last-child\" data-index=\"2\" ><div class=\"panel-widget-style panel-widget-style-for-8281-1-0-1\" ><h3 class=\"widget-title\">Raid d&rsquo;entrainement et de d\u00e9couverte le 16 octobre 2024 \u00e0 l&rsquo;Ile aux Sports au Mans<\/h3>\t\t\t<div class=\"textwidget\"><p><a href=\"http:\/\/ugselpdl.fr\/wp-content\/uploads\/2024\/10\/Raid-161024-Le-Mans-resultats.pdf\" target=\"_blank\" rel=\"noopener\">R\u00e9sultats du 16\/10<\/a><\/p>\n<p><a href=\"http:\/\/ugselpdl.fr\/wp-content\/uploads\/2024\/09\/Raid-Programme-du-16-octobre-2024-au-Mans.pdf\" target=\"_blank\" rel=\"noopener\">Circulaire d&rsquo;organisation du 16\/10<\/a><\/p>\n<p><a href=\"https:\/\/www.ugsel.org\/competitions\/sports-individuels\/raid\" target=\"_blank\" rel=\"noopener\">R\u00e8glements nationaux de Raid<\/a><\/p>\n<\/div>\n\t\t<\/div><\/div><\/div><div id=\"pgc-8281-1-1\"  class=\"panel-grid-cell panel-grid-cell-empty\" ><\/div><\/div><\/div>","protected":false},"excerpt":{"rendered":"<p>R\u00e9sultats et qualifi\u00e9s au National Circulaire d&rsquo;organisation du Raid du 19 mars R\u00e8glements nationaux de Raid &nbsp; R\u00e9sultats du 16\/10 Circulaire d&rsquo;organisation du 16\/10 R\u00e8glements nationaux de Raid<\/p>\n<p class=\"continue-reading-button\"> <a class=\"continue-reading-link\" href=\"https:\/\/ugselpdl.fr\/?page_id=8281\">Continue reading<i class=\"crycon-right-dir\"><\/i><\/a><\/p>\n","protected":false},"author":1,"featured_media":0,"parent":0,"menu_order":0,"comment_status":"closed","ping_status":"closed","template":"","meta":[],"_links":{"self":[{"href":"https:\/\/ugselpdl.fr\/index.php?rest_route=\/wp\/v2\/pages\/8281"}],"collection":[{"href":"https:\/\/ugselpdl.fr\/index.php?rest_route=\/wp\/v2\/pages"}],"about":[{"href":"https:\/\/ugselpdl.fr\/index.php?rest_route=\/wp\/v2\/types\/page"}],"author":[{"embeddable":true,"href":"https:\/\/ugselpdl.fr\/index.php?rest_route=\/wp\/v2\/users\/1"}],"replies":[{"embeddable":true,"href":"https:\/\/ugselpdl.fr\/index.php?rest_route=%2Fwp%2Fv2%2Fcomments&post=8281"}],"version-history":[{"count":18,"href":"https:\/\/ugselpdl.fr\/index.php?rest_route=\/wp\/v2\/pages\/8281\/revisions"}],"predecessor-version":[{"id":10098,"href":"https:\/\/ugselpdl.fr\/index.php?rest_route=\/wp\/v2\/pages\/8281\/revisions\/10098"}],"wp:attachment":[{"href":"https:\/\/ugselpdl.fr\/index.php?rest_route=%2Fwp%2Fv2%2Fmedia&parent=8281"}],"curies":[{"name":"wp","href":"https:\/\/api.w.org\/{rel}","templated":true}]}}